{"id":1850,"date":"2024-07-04T15:39:18","date_gmt":"2024-07-04T13:39:18","guid":{"rendered":"https:\/\/a04y9kbwzan.preview.infomaniak.website\/allgemeine-geschaeftsbedingungen\/"},"modified":"2025-07-10T13:29:53","modified_gmt":"2025-07-10T11:29:53","slug":"allgemeine-geschaeftsbedingungen","status":"publish","type":"page","link":"https:\/\/life-plantation.ch\/de\/allgemeine-geschaeftsbedingungen\/","title":{"rendered":"Allgemeine Gesch\u00e4ftsbedingungen"},"content":{"rendered":"\t\t<div data-elementor-type=\"wp-page\" data-elementor-id=\"1850\" class=\"elementor elementor-1850 elementor-1425\" data-elementor-post-type=\"page\">\n\t\t\t\t\t\t<section class=\"elementor-section elementor-top-section elementor-element elementor-element-f81bd12 elementor-section-boxed elementor-section-height-default elementor-section-height-default\" data-id=\"f81bd12\" data-element_type=\"section\" data-e-type=\"section\">\n\t\t\t\t\t\t<div class=\"elementor-container elementor-column-gap-default\">\n\t\t\t\t\t<div class=\"elementor-column elementor-col-100 elementor-top-column elementor-element elementor-element-900294d\" data-id=\"900294d\" data-element_type=\"column\" data-e-type=\"column\">\n\t\t\t<div class=\"elementor-widget-wrap elementor-element-populated\">\n\t\t\t\t\t\t<div class=\"elementor-element elementor-element-7101909 elementor-widget elementor-widget-heading\" data-id=\"7101909\" data-element_type=\"widget\" data-e-type=\"widget\" data-widget_type=\"heading.default\">\n\t\t\t\t<div class=\"elementor-widget-container\">\n\t\t\t\t\t<h2 class=\"elementor-heading-title elementor-size-default\">Allgemeine Gesch\u00e4ftsbedingungen<\/h2>\t\t\t\t<\/div>\n\t\t\t\t<\/div>\n\t\t\t\t<div class=\"elementor-element elementor-element-2c202ef elementor-widget__width-initial elementor-widget elementor-widget-text-editor\" data-id=\"2c202ef\" data-element_type=\"widget\" data-e-type=\"widget\" data-widget_type=\"text-editor.default\">\n\t\t\t\t<div class=\"elementor-widget-container\">\n\t\t\t\t\t\t\t\t\t<p>Diese Allgemeinen Gesch\u00e4ftsbedingungen (nachfolgend: &#8222;AGB&#8220;) bilden den Rahmen f\u00fcr die rechtliche Situation zwischen LIFE<br>PLANTATION SARL, rue des petits-Champs 13, 1400 Yverdon-les-Bains, Schweiz (nachfolgend: &#8222;LIFE&#8220;) und den Kunden (nachfolgend: &#8222;Kunde&#8220;), die zusammen als &#8222;Parteien&#8220; bezeichnet werden, im Rahmen des zwischen ihnen geschlossenen Kaufvertrags (nachfolgend: &#8222;Vertrag&#8220;).<\/p>\n<h3>1. Outsourcing von Aktivit\u00e4ten und Dienstleistungen<\/h3>\n<p>LIFE kann alle Aktivit\u00e4ten und Dienstleistungen an Drittunternehmen in der Schweiz und im Ausland auslagern.<\/p>\n<p>LIFE ist frei in der Wahl und Beauftragung jedes Dienstleisters seiner Wahl, um die in der Vereinbarung festgelegten Ziele zu erreichen.<\/p>\n<p>Sie kann insbesondere die Dienste von Inkasso- und Inkassob\u00fcros, IT-Support und anderen Unternehmen in Anspruch nehmen.<\/p>\n<p>Ein solches Outsourcing unterliegt der Notwendigkeit der Daten\u00fcbertragung an interne oder externe Dienstleister, ohne auszuschlie\u00dfen, dass diese auch andere Dienstleister in Anspruch nehmen.<\/p>\n<p>Alle Dienstleister sind zur Vertraulichkeit verpflichtet.<\/p>\n<h3>2. Bankpflichten<\/h3>\n<p>Auf Anfrage von LIFE ist der Kunde verpflichtet, alle f\u00fcr die Erf\u00fcllung des Vertrags erforderlichen Bankinformationen und -dokumente zur Verf\u00fcgung zu stellen, insbesondere in Bezug auf die Quelle der Gelder sowie die rechtliche und steuerliche Korrektheit des Kunden, seiner Hilfspersonen, Drittzahler, Nachfolger, Bevollm\u00e4chtigten usw., die in irgendeiner Weise an der Transaktion beteiligt sind, wobei LIFE in vollem Umfang entlastet wird.<\/p>\n<p>Der Kunde \u00fcbernimmt die volle Verantwortung f\u00fcr die Dokumente und Informationen, die er LIFE zur Verf\u00fcgung gestellt hat, zur vollen Entlastung von LIFE.<\/p>\n<p>Im Falle der Nichteinhaltung durch den Kunden \u00fcbernimmt LIFE keine Verantwortung und beh\u00e4lt sich das Recht vor, den vom Kunden gezahlten Betrag als Entsch\u00e4digung einzubehalten, wobei der Kauftitel annulliert und der Vertrag gek\u00fcndigt wird.<\/p>\n<h3>3. Urheberrecht und geistiges Eigentum<\/h3>\n<p>LIFE beh\u00e4lt alle Urheberrechte und sonstigen geistigen Eigentumsrechte an dem Produkt und an jeglichem Material, das von LIFE im Rahmen des Vertrags entwickelt, konzipiert und erstellt wurde.<\/p>\n<p>Der Kunde darf das von LIFE geschaffene oder von LIFE entwickelte Material nicht verwenden und\/oder kopieren.<\/p>\n<p>Alle Materialien von LIFE m\u00fcssen streng vertraulich behandelt werden, es sei denn, LIFE hat etwas anderes vereinbart.<\/p>\n<h3>4. Datenschutz und Vertraulichkeit<\/h3>\n<p>Alle Informationen, die der Kunde LIFE zur Verf\u00fcgung stellt, werden grunds\u00e4tzlich vertraulich behandelt.<\/p>\n<p>LIFE verpflichtet sich, diese Informationen nicht an nicht autorisierte Dritte weiterzugeben.<\/p>\n<p>Ausgenommen hiervon sind u.a. Rechtsanw\u00e4lte, Revisoren, Wirtschaftspr\u00fcfer und Finanzinstitute, mit denen LIFE zusammenarbeitet.<\/p>\n<p>Sofern das Gesetz oder eine zust\u00e4ndige Regierungsbeh\u00f6rde oder die Regeln einer zust\u00e4ndigen Organisation<br>dies verlangen, ist LIFE berechtigt, die Informationen des Kunden weiterzugeben, auch wenn diese Informationen \u00f6ffentlich zug\u00e4nglich sind oder werden.<\/p>\n<p>Der Kunde erkl\u00e4rt sich damit einverstanden, dass LIFE Kundendaten offen legt, um seinen gesetzlichen Verpflichtungen nachzukommen und um seine berechtigten Interessen zu wahren.<\/p>\n<p>Dies gilt insbesondere f\u00fcr alle Fragen mit internationaler Komponente, soweit die einschl\u00e4gigen Gesetze eine solche Offenlegung von Daten verlangen.<\/p>\n<p>In diesem Zusammenhang entbindet der Kunde LIFE von der Verpflichtung, seine Daten zu sch\u00fctzen.<\/p>\n<p>LIFE stellt sicher, dass alle Empf\u00e4nger den entsprechenden Vertraulichkeitsverpflichtungen unterliegen.<\/p>\n<p>Diese Informationen k\u00f6nnen auch an andere Parteien weitergegeben werden, die diese Informationen ben\u00f6tigen, um LIFE zu erm\u00f6glichen, den Vertrag zu erf\u00fcllen oder die Interessen des Kunden zu vertreten.<\/p>\n<p>Im \u00dcbrigen gelten die folgenden Datenschutzbestimmungen: <a href=\"https:\/\/a04y9kbwzan.preview.infomaniak.website\/de\/datenschutzrichtlinie\/\"><b>Siehe Seite<\/b><\/a>.<\/p>\n<h3>5. Einhaltung der Gesetze<\/h3>\n<p>Der Kunde ist f\u00fcr die Einhaltung der f\u00fcr ihn geltenden Gesetze und Vorschriften verantwortlich.<\/p>\n<p>Dies umfasst unter anderem auch die Pflicht zur Steuererkl\u00e4rung und -zahlung.<\/p>\n<h3>6. Zuweisung<\/h3>\n<p>Dieser Vertrag bleibt zwischen den Parteien und ihren gesetzlichen oder eingesetzten Nachfolgern und Bevollm\u00e4chtigten g\u00fcltig.<\/p>\n<p>Ein Nachfolger oder Bevollm\u00e4chtigter wird ohne die Zustimmung der anderen Partei nicht rechtsg\u00fcltig anerkannt.<\/p>\n<h3>7. Abtretung von Rechten und Forderungen<\/h3>\n<p>LIFE beh\u00e4lt sich das Recht vor, jegliche Leistung an den nachfolgenden Kunden zu verweigern, der nicht nachweisen kann, dass der vorherige Kunde alle seine Verpflichtungen gegen\u00fcber LIFE gem\u00e4\u00df den Bestimmungen des Vertrags erf\u00fcllt hat.<\/p>\n<h3>8. Verantwortung<\/h3>\n<p>Die von LIFE herausgegebenen Informationen, Meinungen und Dokumente sind nur f\u00fcr allgemeine Informationszwecke bestimmt, stellen keine rechtliche oder professionelle Beratung dar und sollten nicht als Ersatz f\u00fcr eine spezifische Beratung unter bestimmten Umst\u00e4nden betrachtet werden.<\/p>\n<p>LIFE \u00fcbernimmt keine Verantwortung f\u00fcr Verluste, die sich aus dem Vertrauen auf Informationen, Dokumente oder Meinungen ergeben k\u00f6nnen.<\/p>\n<p>LIFE schlie\u00dft jede Haftung aus, insbesondere in Bezug auf seine Bevollm\u00e4chtigten.<br>Die Haftung f\u00fcr die Hilfspersonen von LIFE ist ausdr\u00fccklich und vollst\u00e4ndig ausgeschlossen, auch im Falle von grober Fahrl\u00e4ssigkeit.<\/p>\n<p>LIFE \u00fcbernimmt keine Haftung f\u00fcr Geb\u00fchren, Provisionen, Entsch\u00e4digungen, Steuern jeglicher Schweizer oder ausl\u00e4ndischer Beh\u00f6rden, die dem Kunden direkt oder indirekt auferlegt werden.<\/p>\n<p>Im gr\u00f6\u00dftm\u00f6glichen gesetzlich zul\u00e4ssigen Umfang haftet LIFE unter keinen Umst\u00e4nden gegen\u00fcber irgendjemandem f\u00fcr direkte oder indirekte Verluste, Haftung, Kosten, Anspr\u00fcche, Ausgaben oder Sch\u00e4den jeglicher Art, sei es aufgrund einer Vereinbarung oder einer unerlaubten Handlung, einschlie\u00dflich Fahrl\u00e4ssigkeit, oder anderweitig, die sich aus der Nutzung der gesamten oder eines Teils der LIFE-Website oder jeglicher Informationen oder Dokumente, die von LIFE in Verbindung mit dem Vertrag herausgegeben werden, ergeben.<\/p>\n<p data-start=\"1488\" data-end=\"1768\"><span data-start=\"1488\" data-end=\"1768\">Es wird darauf hingewiesen, dass der Kunde vor jedem endg\u00fcltigen Kauf einen Kaufvertrag unterzeichnen muss. Dieser unterzeichnete Vertrag hat Vorrang vor den vorliegenden Allgemeinen Gesch\u00e4ftsbedingungen und ist im Falle von Abweichungen ma\u00dfgeblich (siehe nachstehenden Link).<\/span><\/p>\n<p><\/p>\n<p data-start=\"1770\" data-end=\"2276\">Rein informativ und ohne Verpflichtung seitens LIFE ist das Produkt durch Partner von LIFE gegen Brand, \u00dcberschwemmung, Sturmsch\u00e4den, Vandalismus sowie baumkrankheitsbedingte Sch\u00e4den versichert. Im Schadensfall kann LIFE dem Kunden nach eigenem Ermessen Unterst\u00fctzung anbieten, insbesondere durch Weitergabe der Kontaktdaten seiner Partner. Bei Sch\u00e4den, die auf eine dieser Ursachen zur\u00fcckzuf\u00fchren sind, ersetzen unsere Partner jeden betroffenen Baum durch einen gesunden Baum mit vergleichbarem Reifegrad.<\/p>\n<h3>9. Ausreichende finanzielle Mittel<\/h3>\n<p>LIFE kann dem Kunden einen zus\u00e4tzlichen Kapitalabruf vorschlagen, um die eventuell nicht gedeckten Kosten zu decken, wobei es jedoch jedem Kunden freisteht, sich zur\u00fcckzuziehen.<\/p>\n<p>Der Kunde ist jedoch nicht berechtigt, die R\u00fcckerstattung seiner Teilnahme oder die R\u00fcckgabe der von ihm abgetretenen Rechte und Forderungen zu verlangen.<\/p>\n<p>Falls die Verfahrenskosten und andere Vorsch\u00fcsse die finanziellen Mittel von LIFE \u00fcbersteigen und keine zus\u00e4tzliche Finanzierung verf\u00fcgbar ist, beh\u00e4lt sich LIFE das Recht vor, die Kostenvorsch\u00fcsse nicht auszuzahlen, was dazu f\u00fchren w\u00fcrde, dass auf den Antrag nicht eingetreten wird oder dass eine eventuelle Berufung, insbesondere vor dem Bundesgericht, unzul\u00e4ssig ist.<\/p>\n<h3>10. M\u00f6glicher Verlust von Rechten<\/h3>\n<p>Der Kunde erkennt an, dass er das Recht auf Klage \/ Rechtsmittel verlieren kann, wenn LIFE aus irgendeinem Grund die Klage oder das Rechtsmittel nicht einleitet oder wenn seine Bem\u00fchungen erfolglos bleiben.<\/p>\n<p>Der Kunde best\u00e4tigt, dass LIFE in einem solchen Fall nicht haftbar gemacht werden kann.<\/p>\n<h3>11. Benachrichtigungen<\/h3>\n<p>Alle Mitteilungen oder andere Instrumente oder Dokumente, die dem Kunden von LIFE zugesandt werden m\u00fcssen, werden per E-Mail versandt.<\/p>\n<p>Der Kunde erkennt die inh\u00e4renten Risiken einer solchen elektronischen Kommunikation an, einschlie\u00dflich, aber nicht beschr\u00e4nkt auf eingeschr\u00e4nkte Vertraulichkeit, Manipulation, \u00dcbertragungsfehler, mangelnde Integrit\u00e4t oder Datenkorruption durch Viren.<\/p>\n<p>Insbesondere erkl\u00e4rt oder garantiert LIFE nicht, dass die an einen Kunden gerichteten elektronischen Nachrichten vom vorgesehenen Empf\u00e4nger ohne unbefugte \u00c4nderungen oder rechtzeitig empfangen werden; dass die elektronische Kommunikation, die LIFE als Absender angibt, von LIFE gesendet wurde; und dass die elektronische Kommunikation an den Kunden gelesen und rechtzeitig verarbeitet wird.<\/p>\n<p>LIFE ist nicht haftbar und schlie\u00dft jegliche Haftung f\u00fcr Sch\u00e4den aus, die einem Kunden entstehen, die sich aus der Verwirklichung eines Risikos ergeben, das der Nutzung elektronischer Kommunikation innewohnt, oder mit dieser in Verbindung stehen.<\/p>\n<h3>12. Sprache<\/h3>\n<p>Dieses \u00dcbereinkommen kann in mehreren Sprachen abgefasst werden.<\/p>\n<p>Im Falle von Streitigkeiten, insbesondere in Bezug auf die Auslegung und Ausf\u00fchrung, ist jedoch ausschlie\u00dflich die franz\u00f6sische Version ma\u00dfgebend.<\/p>\n<h3>13. Keine einfache Gesellschaft<\/h3>\n<p>Diese Vertragsbeziehung begr\u00fcndet keine einfache Gesellschaft oder irgendeine andere Unternehmensstruktur.<\/p>\n<h3>14. H\u00f6here Gewalt<\/h3>\n<p>In keinem Fall haftet LIFE f\u00fcr eine Nichterf\u00fcllung oder Verz\u00f6gerung bei der Erf\u00fcllung seiner Verpflichtungen gem\u00e4\u00df diesen AGB oder dem Vertrag, die direkt oder indirekt aus Kr\u00e4ften au\u00dferhalb seiner Kontrolle resultieren oder durch diese verursacht werden, einschlie\u00dflich, aber nicht beschr\u00e4nkt auf Epidemien, Streiks, Arbeitsunterbrechungen, Unf\u00e4lle, Kriegs- oder Terrorakte, zivile oder milit\u00e4rische Unruhen, Atom- oder Naturkatastrophen oder F\u00e4lle h\u00f6herer Gewalt und Unterbrechungen,<br>Verlust oder St\u00f6rung von Versorgungs-, Kommunikations- oder Computerdiensten (Software und Hardware); vorausgesetzt, dass LIFE alle angemessenen Anstrengungen unternimmt, um seine Aktivit\u00e4ten unter diesen Umst\u00e4nden so schnell wie m\u00f6glich wieder aufzunehmen.<\/p>\n<p>LIFE erkennt an und stimmt zu, dass jede Entscheidung oder Ma\u00dfnahme, die von einem Gericht oder einer Regierungs- oder Regulierungsbeh\u00f6rde mit Rechtsprechung \u00fcber LIFE getroffen wird, die dazu f\u00fchren k\u00f6nnte, dass LIFE seine Verpflichtungen gem\u00e4\u00df diesen AGB und dem Vertrag nicht erf\u00fcllen kann, ber\u00fccksichtigt werden muss und eine akzeptable Entschuldigung daf\u00fcr darstellt, dass LIFE als nicht in der Lage angesehen wird, die Verpflichtungen rechtzeitig zu erf\u00fcllen, solange diese Ma\u00dfnahmen in Kraft sind.<\/p>\n<h3>15. Trennbarkeit<\/h3>\n<p>Wenn eine Bestimmung dieser AGB ganz oder teilweise aus irgendeinem Grund f\u00fcr verboten, unwirksam oder anderweitig nicht durchsetzbar erkl\u00e4rt wird, so tritt diese Bestimmung au\u00dfer Kraft, ohne die G\u00fcltigkeit der \u00fcbrigen Bestimmungen dieser Vereinbarung zu beeintr\u00e4chtigen.<\/p>\n<p>Die Parteien oder das zust\u00e4ndige Gericht werden diese Bestimmung durch eine andere Bestimmung ersetzen, um das wirtschaftliche Gleichgewicht dieser AGB so weit wie m\u00f6glich zu wahren.<\/p>\n<h3>16. Unterschriften<\/h3>\n<p>Jeder Kunde ist f\u00fcr die absolute Richtigkeit aller ihn betreffenden Informationen verantwortlich.<br>Jede \u00c4nderung muss LIFE unverz\u00fcglich mitgeteilt werden.<\/p>\n<p>LIFE haften nicht f\u00fcr die Authentizit\u00e4t und G\u00fcltigkeit einer Unterschrift, die in Wirklichkeit weder authentisch noch g\u00fcltig ist, einschlie\u00dflich im Falle von fehlender Gesch\u00e4ftsf\u00e4higkeit aufgrund pers\u00f6nlicher Unf\u00e4higkeit, eines Insolvenzverfahrens, an dem der betreffende Kunde beteiligt ist, oder aus anderen Gr\u00fcnden.<\/p>\n<p>Wenn LIFE Zweifel an der Echtheit einer Unterschrift auf einer Mitteilung hat, hat LIFE das Recht, aber nicht die Pflicht, zu verlangen, dass diese Unterschrift notariell beglaubigt oder auf andere Weise \u00fcberpr\u00fcft wird.<\/p>\t\t\t\t\t\t\t\t<\/div>\n\t\t\t\t<\/div>\n\t\t\t\t\t<\/div>\n\t\t<\/div>\n\t\t\t\t\t<\/div>\n\t\t<\/section>\n\t\t\t\t<\/div>\n\t\t","protected":false},"excerpt":{"rendered":"<p>Allgemeine Gesch\u00e4ftsbedingungen Diese Allgemeinen Gesch\u00e4ftsbedingungen (nachfolgend: &#8222;AGB&#8220;) bilden den Rahmen f\u00fcr die rechtliche Situation zwischen LIFEPLANTATION SARL, rue des petits-Champs 13, 1400 Yverdon-les-Bains, Schweiz (nachfolgend: &#8222;LIFE&#8220;) und den Kunden (nachfolgend: &#8222;Kunde&#8220;), die zusammen als &#8222;Parteien&#8220; bezeichnet werden, im Rahmen des zwischen ihnen geschlossenen Kaufvertrags (nachfolgend: &#8222;Vertrag&#8220;). 1. Outsourcing von Aktivit\u00e4ten und Dienstleistungen LIFE kann alle [&hellip;]<\/p>\n","protected":false},"author":1,"featured_media":0,"parent":0,"menu_order":0,"comment_status":"closed","ping_status":"closed","template":"","meta":{"footnotes":""},"class_list":["post-1850","page","type-page","status-publish","hentry"],"yoast_head":"<!-- This site is optimized with the Yoast SEO plugin v27.1.1 - https:\/\/yoast.com\/product\/yoast-seo-wordpress\/ -->\n<title>Allgemeine Gesch\u00e4ftsbedingungen - Life Plantation<\/title>\n<meta name=\"description\" content=\"Contribuez d\u00e8s maintenant \u00e0 un avenir plus durable.Achetez votre premier arbre de type Paulownias \u201cElongata\u201d en Europe...\" \/>\n<meta name=\"robots\" content=\"index, follow, max-snippet:-1, max-image-preview:large, max-video-preview:-1\" \/>\n<link rel=\"canonical\" href=\"https:\/\/life-plantation.ch\/de\/allgemeine-geschaeftsbedingungen\/\" \/>\n<meta property=\"og:locale\" content=\"de_DE\" \/>\n<meta property=\"og:type\" content=\"article\" \/>\n<meta property=\"og:title\" content=\"Allgemeine Gesch\u00e4ftsbedingungen - Life Plantation\" \/>\n<meta property=\"og:description\" content=\"Contribuez d\u00e8s maintenant \u00e0 un avenir plus durable.Achetez votre premier arbre de type Paulownias \u201cElongata\u201d en Europe...\" \/>\n<meta property=\"og:url\" content=\"https:\/\/life-plantation.ch\/de\/allgemeine-geschaeftsbedingungen\/\" \/>\n<meta property=\"og:site_name\" content=\"Life Plantation\" \/>\n<meta property=\"article:modified_time\" content=\"2025-07-10T11:29:53+00:00\" \/>\n<meta property=\"og:image\" content=\"https:\/\/life-plantation.ch\/wp-content\/uploads\/2024\/02\/logo-site-web.png\" \/>\n\t<meta property=\"og:image:width\" content=\"987\" \/>\n\t<meta property=\"og:image:height\" content=\"457\" \/>\n\t<meta property=\"og:image:type\" content=\"image\/png\" \/>\n<meta name=\"twitter:card\" content=\"summary_large_image\" \/>\n<meta name=\"twitter:label1\" content=\"Gesch\u00e4tzte Lesezeit\" \/>\n\t<meta name=\"twitter:data1\" content=\"9\u00a0Minuten\" \/>\n<script type=\"application\/ld+json\" class=\"yoast-schema-graph\">{\"@context\":\"https:\/\/schema.org\",\"@graph\":[{\"@type\":\"WebPage\",\"@id\":\"https:\/\/life-plantation.ch\/de\/allgemeine-geschaeftsbedingungen\/\",\"url\":\"https:\/\/life-plantation.ch\/de\/allgemeine-geschaeftsbedingungen\/\",\"name\":\"Allgemeine Gesch\u00e4ftsbedingungen - Life Plantation\",\"isPartOf\":{\"@id\":\"https:\/\/life-plantation.ch\/de\/#website\"},\"datePublished\":\"2024-07-04T13:39:18+00:00\",\"dateModified\":\"2025-07-10T11:29:53+00:00\",\"description\":\"Contribuez d\u00e8s maintenant \u00e0 un avenir plus durable.Achetez votre premier arbre de type Paulownias \u201cElongata\u201d en Europe...\",\"breadcrumb\":{\"@id\":\"https:\/\/life-plantation.ch\/de\/allgemeine-geschaeftsbedingungen\/#breadcrumb\"},\"inLanguage\":\"de\",\"potentialAction\":[{\"@type\":\"ReadAction\",\"target\":[\"https:\/\/life-plantation.ch\/de\/allgemeine-geschaeftsbedingungen\/\"]}]},{\"@type\":\"BreadcrumbList\",\"@id\":\"https:\/\/life-plantation.ch\/de\/allgemeine-geschaeftsbedingungen\/#breadcrumb\",\"itemListElement\":[{\"@type\":\"ListItem\",\"position\":1,\"name\":\"Accueil\",\"item\":\"https:\/\/life-plantation.ch\/de\/life-plantation-startseite\/\"},{\"@type\":\"ListItem\",\"position\":2,\"name\":\"Allgemeine Gesch\u00e4ftsbedingungen\"}]},{\"@type\":\"WebSite\",\"@id\":\"https:\/\/life-plantation.ch\/de\/#website\",\"url\":\"https:\/\/life-plantation.ch\/de\/\",\"name\":\"Life Plantation\",\"description\":\"\",\"publisher\":{\"@id\":\"https:\/\/life-plantation.ch\/de\/#organization\"},\"potentialAction\":[{\"@type\":\"SearchAction\",\"target\":{\"@type\":\"EntryPoint\",\"urlTemplate\":\"https:\/\/life-plantation.ch\/de\/?s={search_term_string}\"},\"query-input\":{\"@type\":\"PropertyValueSpecification\",\"valueRequired\":true,\"valueName\":\"search_term_string\"}}],\"inLanguage\":\"de\"},{\"@type\":\"Organization\",\"@id\":\"https:\/\/life-plantation.ch\/de\/#organization\",\"name\":\"Life Plantation\",\"url\":\"https:\/\/life-plantation.ch\/de\/\",\"logo\":{\"@type\":\"ImageObject\",\"inLanguage\":\"de\",\"@id\":\"https:\/\/life-plantation.ch\/de\/#\/schema\/logo\/image\/\",\"url\":\"https:\/\/life-plantation.ch\/wp-content\/uploads\/2024\/02\/logo-site-web.png\",\"contentUrl\":\"https:\/\/life-plantation.ch\/wp-content\/uploads\/2024\/02\/logo-site-web.png\",\"width\":987,\"height\":457,\"caption\":\"Life Plantation\"},\"image\":{\"@id\":\"https:\/\/life-plantation.ch\/de\/#\/schema\/logo\/image\/\"}}]}<\/script>\n<!-- \/ Yoast SEO plugin. -->","yoast_head_json":{"title":"Allgemeine Gesch\u00e4ftsbedingungen - Life Plantation","description":"Contribuez d\u00e8s maintenant \u00e0 un avenir plus durable.Achetez votre premier arbre de type Paulownias \u201cElongata\u201d en Europe...","robots":{"index":"index","follow":"follow","max-snippet":"max-snippet:-1","max-image-preview":"max-image-preview:large","max-video-preview":"max-video-preview:-1"},"canonical":"https:\/\/life-plantation.ch\/de\/allgemeine-geschaeftsbedingungen\/","og_locale":"de_DE","og_type":"article","og_title":"Allgemeine Gesch\u00e4ftsbedingungen - Life Plantation","og_description":"Contribuez d\u00e8s maintenant \u00e0 un avenir plus durable.Achetez votre premier arbre de type Paulownias \u201cElongata\u201d en Europe...","og_url":"https:\/\/life-plantation.ch\/de\/allgemeine-geschaeftsbedingungen\/","og_site_name":"Life Plantation","article_modified_time":"2025-07-10T11:29:53+00:00","og_image":[{"width":987,"height":457,"url":"https:\/\/life-plantation.ch\/wp-content\/uploads\/2024\/02\/logo-site-web.png","type":"image\/png"}],"twitter_card":"summary_large_image","twitter_misc":{"Gesch\u00e4tzte Lesezeit":"9\u00a0Minuten"},"schema":{"@context":"https:\/\/schema.org","@graph":[{"@type":"WebPage","@id":"https:\/\/life-plantation.ch\/de\/allgemeine-geschaeftsbedingungen\/","url":"https:\/\/life-plantation.ch\/de\/allgemeine-geschaeftsbedingungen\/","name":"Allgemeine Gesch\u00e4ftsbedingungen - Life Plantation","isPartOf":{"@id":"https:\/\/life-plantation.ch\/de\/#website"},"datePublished":"2024-07-04T13:39:18+00:00","dateModified":"2025-07-10T11:29:53+00:00","description":"Contribuez d\u00e8s maintenant \u00e0 un avenir plus durable.Achetez votre premier arbre de type Paulownias \u201cElongata\u201d en Europe...","breadcrumb":{"@id":"https:\/\/life-plantation.ch\/de\/allgemeine-geschaeftsbedingungen\/#breadcrumb"},"inLanguage":"de","potentialAction":[{"@type":"ReadAction","target":["https:\/\/life-plantation.ch\/de\/allgemeine-geschaeftsbedingungen\/"]}]},{"@type":"BreadcrumbList","@id":"https:\/\/life-plantation.ch\/de\/allgemeine-geschaeftsbedingungen\/#breadcrumb","itemListElement":[{"@type":"ListItem","position":1,"name":"Accueil","item":"https:\/\/life-plantation.ch\/de\/life-plantation-startseite\/"},{"@type":"ListItem","position":2,"name":"Allgemeine Gesch\u00e4ftsbedingungen"}]},{"@type":"WebSite","@id":"https:\/\/life-plantation.ch\/de\/#website","url":"https:\/\/life-plantation.ch\/de\/","name":"Life Plantation","description":"","publisher":{"@id":"https:\/\/life-plantation.ch\/de\/#organization"},"potentialAction":[{"@type":"SearchAction","target":{"@type":"EntryPoint","urlTemplate":"https:\/\/life-plantation.ch\/de\/?s={search_term_string}"},"query-input":{"@type":"PropertyValueSpecification","valueRequired":true,"valueName":"search_term_string"}}],"inLanguage":"de"},{"@type":"Organization","@id":"https:\/\/life-plantation.ch\/de\/#organization","name":"Life Plantation","url":"https:\/\/life-plantation.ch\/de\/","logo":{"@type":"ImageObject","inLanguage":"de","@id":"https:\/\/life-plantation.ch\/de\/#\/schema\/logo\/image\/","url":"https:\/\/life-plantation.ch\/wp-content\/uploads\/2024\/02\/logo-site-web.png","contentUrl":"https:\/\/life-plantation.ch\/wp-content\/uploads\/2024\/02\/logo-site-web.png","width":987,"height":457,"caption":"Life Plantation"},"image":{"@id":"https:\/\/life-plantation.ch\/de\/#\/schema\/logo\/image\/"}}]}},"_links":{"self":[{"href":"https:\/\/life-plantation.ch\/de\/wp-json\/wp\/v2\/pages\/1850","targetHints":{"allow":["GET"]}}],"collection":[{"href":"https:\/\/life-plantation.ch\/de\/wp-json\/wp\/v2\/pages"}],"about":[{"href":"https:\/\/life-plantation.ch\/de\/wp-json\/wp\/v2\/types\/page"}],"author":[{"embeddable":true,"href":"https:\/\/life-plantation.ch\/de\/wp-json\/wp\/v2\/users\/1"}],"replies":[{"embeddable":true,"href":"https:\/\/life-plantation.ch\/de\/wp-json\/wp\/v2\/comments?post=1850"}],"version-history":[{"count":10,"href":"https:\/\/life-plantation.ch\/de\/wp-json\/wp\/v2\/pages\/1850\/revisions"}],"predecessor-version":[{"id":4640,"href":"https:\/\/life-plantation.ch\/de\/wp-json\/wp\/v2\/pages\/1850\/revisions\/4640"}],"wp:attachment":[{"href":"https:\/\/life-plantation.ch\/de\/wp-json\/wp\/v2\/media?parent=1850"}],"curies":[{"name":"wp","href":"https:\/\/api.w.org\/{rel}","templated":true}]}}