{"id":3867,"date":"2024-07-04T15:39:18","date_gmt":"2024-07-04T13:39:18","guid":{"rendered":"https:\/\/a04y9kbwzan.preview.infomaniak.website\/condiciones-de-venta\/"},"modified":"2025-07-10T13:40:12","modified_gmt":"2025-07-10T11:40:12","slug":"condiciones-de-venta","status":"publish","type":"page","link":"https:\/\/life-plantation.ch\/es\/condiciones-de-venta\/","title":{"rendered":"Condiciones de venta"},"content":{"rendered":"\t\t<div data-elementor-type=\"wp-page\" data-elementor-id=\"3867\" class=\"elementor elementor-3867 elementor-1425\" data-elementor-post-type=\"page\">\n\t\t\t\t\t\t<section class=\"elementor-section elementor-top-section elementor-element elementor-element-f81bd12 elementor-section-boxed elementor-section-height-default elementor-section-height-default\" data-id=\"f81bd12\" data-element_type=\"section\" data-e-type=\"section\">\n\t\t\t\t\t\t<div class=\"elementor-container elementor-column-gap-default\">\n\t\t\t\t\t<div class=\"elementor-column elementor-col-100 elementor-top-column elementor-element elementor-element-900294d\" data-id=\"900294d\" data-element_type=\"column\" data-e-type=\"column\">\n\t\t\t<div class=\"elementor-widget-wrap elementor-element-populated\">\n\t\t\t\t\t\t<div class=\"elementor-element elementor-element-7101909 elementor-widget elementor-widget-heading\" data-id=\"7101909\" data-element_type=\"widget\" data-e-type=\"widget\" data-widget_type=\"heading.default\">\n\t\t\t\t<div class=\"elementor-widget-container\">\n\t\t\t\t\t<h2 class=\"elementor-heading-title elementor-size-default\">Condiciones generales<\/h2>\t\t\t\t<\/div>\n\t\t\t\t<\/div>\n\t\t\t\t<div class=\"elementor-element elementor-element-2c202ef elementor-widget__width-initial elementor-widget elementor-widget-text-editor\" data-id=\"2c202ef\" data-element_type=\"widget\" data-e-type=\"widget\" data-widget_type=\"text-editor.default\">\n\t\t\t\t<div class=\"elementor-widget-container\">\n\t\t\t\t\t\t\t\t\t<p>Las presentes Condiciones Generales (en lo sucesivo, las \u00abCGC\u00bb) regulan la relaci\u00f3n jur\u00eddica entre LIFE PLANTATION SARL, rue des petits-Champs 13, 1400 Yverdon-les-Bains, Suiza (en lo sucesivo, \u00abLIFE\u00bb) y los Clientes (en lo sucesivo, el \u00abCliente\u00bb), denominados conjuntamente las \u00abPartes\u00bb, en virtud del contrato de venta celebrado entre ellos (en lo sucesivo, el \u00abContrato\u00bb).<\/p>\n<h3>1. Externalizaci\u00f3n de actividades y servicios<\/h3>\n<p>LIFE puede subcontratar cualquiera de sus actividades y servicios a terceras empresas con sede en Suiza o en el extranjero.<\/p>\n<p>LIFE es libre de elegir y encargar a cualquier proveedor de servicios de su elecci\u00f3n la consecuci\u00f3n de los objetivos establecidos en el Contrato.<\/p>\n<p>En particular, puede utilizar los servicios de empresas de recogida, recuperaci\u00f3n, soporte inform\u00e1tico u otros.<\/p>\n<p>Dicha externalizaci\u00f3n est\u00e1 sujeta a la necesidad de transmitir datos a proveedores de servicios internos o externos, sin excluir la posibilidad de que estos \u00faltimos tambi\u00e9n recurran a otros proveedores de servicios.<\/p>\n<p>Todos los proveedores de servicios est\u00e1n sujetos a una obligaci\u00f3n de confidencialidad.<\/p>\n<h3>2. Obligaciones bancarias<\/h3>\n<p>A petici\u00f3n de LIFE, el Cliente deber\u00e1 facilitar toda la informaci\u00f3n y documentaci\u00f3n bancaria necesaria para la ejecuci\u00f3n del Contrato, en particular en lo que se refiere al origen de los fondos y a la situaci\u00f3n jur\u00eddica y fiscal del Cliente, sus auxiliares, terceros pagadores, sucesores, cesionarios, etc. implicados de una u otra forma en la transacci\u00f3n, a entera discreci\u00f3n de LIFE.<\/p>\n<p>El Cliente asume la plena responsabilidad de los documentos e informaci\u00f3n facilitados a LIFE, y LIFE la descarga en su totalidad.<\/p>\n<p>En caso de incumplimiento por parte del Cliente, LIFE no asume ninguna responsabilidad y se reserva el derecho de retener el importe pagado por el Cliente en concepto de indemnizaci\u00f3n, con anulaci\u00f3n del vale de compra y resoluci\u00f3n del Contrato.<\/p>\n<h3>3. Derechos de autor y propiedad intelectual<\/h3>\n<p>LIFE conserva todos los derechos de autor y otros derechos de propiedad intelectual sobre el Producto, as\u00ed como sobre cualquier material desarrollado, dise\u00f1ado y creado por LIFE en virtud del Contrato.<\/p>\n<p>El Cliente no podr\u00e1 utilizar y\/o copiar material creado por LIFE o desarrollado por LIFE.<\/p>\n<p>Todo el material de LIFE debe permanecer estrictamente confidencial, a menos que LIFE acuerde lo contrario.<\/p>\n<h3>4. Protecci\u00f3n de datos y confidencialidad<\/h3>\n<p>Toda la informaci\u00f3n facilitada por el cliente a LIFE se trata de forma confidencial.<\/p>\n<p>LIFE se compromete a no transmitir esta informaci\u00f3n a terceros no autorizados.<\/p>\n<p>Las excepciones a esta norma son los abogados, los auditores y las instituciones financieras con las que trabaja LIFE.<\/p>\n<p>En la medida en que lo exija la ley o cualquier autoridad gubernamental competente o las normas de cualquier organismo competente , LIFE tiene derecho a transmitir la informaci\u00f3n del Cliente, as\u00ed como si esta informaci\u00f3n es o pasa a ser de dominio p\u00fablico.<\/p>\n<p>El Cliente acepta que LIFE pueda revelar datos de clientes para cumplir con sus obligaciones reglamentarias y para proteger sus intereses leg\u00edtimos.<\/p>\n<p>Esto se aplica en particular a todos los asuntos con un componente internacional, en la medida en que la legislaci\u00f3n pertinente exija dicha divulgaci\u00f3n de datos.<\/p>\n<p>En este contexto, el Cliente exime a LIFE de la obligaci\u00f3n de proteger sus datos.<\/p>\n<p>LIFE garantiza que todos los destinatarios est\u00e1n sujetos a las obligaciones de confidencialidad pertinentes.<\/p>\n<p>Esta informaci\u00f3n tambi\u00e9n puede ser transmitida a otras partes que la necesiten para que LIFE pueda cumplir el Contrato o para representar los intereses del Cliente.<\/p>\n<p>Para el resto, se aplican las siguientes condiciones de protecci\u00f3n de datos: <a href=\"https:\/\/a04y9kbwzan.preview.infomaniak.website\/politique-de-confidentialite\/\"><b>Ver p\u00e1gina<\/b><\/a>.<\/p>\n<h3>5. Cumplimiento de la ley<\/h3>\n<p>El Cliente es responsable de cumplir las disposiciones legales y reglamentarias que le sean aplicables.<\/p>\n<p>Esto incluye tambi\u00e9n la declaraci\u00f3n de impuestos y las obligaciones de pago.<\/p>\n<h3>6. Asignaci\u00f3n<\/h3>\n<p>El presente Contrato seguir\u00e1 siendo v\u00e1lido entre las Partes y sus sucesores y cesionarios, ya sean legales o instituidos.<\/p>\n<p>No se reconocer\u00e1 v\u00e1lidamente a ning\u00fan sucesor o cesionario sin el acuerdo de la otra Parte.<\/p>\n<h3>7. Cesi\u00f3n de derechos y reclamaciones<\/h3>\n<p>LIFE se reserva el derecho a denegar cualquier servicio a un Cliente posterior que no pueda demostrar que el Cliente anterior ha cumplido todas sus obligaciones para con LIFE en virtud de los t\u00e9rminos del Contrato.<\/p>\n<h3>8. Responsabilidad<\/h3>\n<p>La informaci\u00f3n, las opiniones y los documentos emitidos por LIFE tienen \u00fanicamente fines informativos generales, no constituyen asesoramiento jur\u00eddico o profesional y no deben considerarse sustitutos de un asesoramiento espec\u00edfico adaptado a las circunstancias particulares.<\/p>\n<p>LIFE no acepta responsabilidad alguna por las p\u00e9rdidas que puedan derivarse de la confianza depositada en cualquier informaci\u00f3n, documento u opini\u00f3n emitidos.<\/p>\n<p>LIFE excluye toda responsabilidad, en particular en relaci\u00f3n con sus agentes.<br>La responsabilidad derivada de los agentes de Life queda expresamente excluida en su totalidad, incluso en caso de negligencia grave.<\/p>\n<p>LIFE no asume responsabilidad alguna por los gastos, comisiones, indemnizaciones o impuestos pagados directa o indirectamente al Cliente por cualquier autoridad suiza o extranjera .<\/p>\n<p>En la m\u00e1xima medida permitida por la ley, LIFE no ser\u00e1 responsable en ning\u00fan caso ante ninguna persona de ninguna p\u00e9rdida directa o indirecta, responsabilidad, coste, reclamaci\u00f3n, gasto o da\u00f1o de ning\u00fan tipo, ya sea contractual o extracontractual, incluida la negligencia, o de otro tipo, que surja de o en relaci\u00f3n con el uso de todo o parte del sitio web de LIFE, o de cualquier informaci\u00f3n o material publicado por LIFE en relaci\u00f3n con el Contrato.<\/p><p data-start=\"1455\" data-end=\"1720\"><span data-start=\"1455\" data-end=\"1720\">Se especifica que, antes de cualquier compra definitiva, el Cliente deber\u00e1 firmar un contrato de compraventa. Dicho contrato firmado prevalecer\u00e1 sobre las presentes condiciones generales de venta y ser\u00e1 vinculante en caso de discrepancia (ver enlace m\u00e1s abajo).<\/span><\/p><p>\n<\/p><p data-start=\"1722\" data-end=\"2239\">A t\u00edtulo informativo y sin que ello suponga ning\u00fan compromiso por parte de LIFE, el Producto est\u00e1 asegurado por socios de LIFE contra incendios, inundaciones, da\u00f1os por viento, actos vand\u00e1licos y enfermedades arb\u00f3reas. En caso de siniestro, LIFE podr\u00e1, a su discreci\u00f3n, apoyar al Cliente en sus gestiones, en particular facilitando los datos de contacto de sus socios. En caso de da\u00f1os ocasionados por alguna de estas causas, nuestros socios sustituir\u00e1n cada \u00e1rbol afectado por un \u00e1rbol sano y de madurez equivalente.<\/p>\n<h3>9. Recursos financieros suficientes<\/h3>\n<p>LIFE puede ofrecer al Cliente una petici\u00f3n adicional de fondos para cubrir cualquier coste no cubierto, aunque cada Cliente es libre de retirarse.<\/p>\n<p>Sin embargo, el Cliente no tiene derecho a reclamar el reembolso de su participaci\u00f3n ni la devoluci\u00f3n de los derechos y reclamaciones que haya cedido.<\/p>\n<p>En caso de que los costes del procedimiento y otros anticipos superen los recursos financieros de LIFE y no se disponga de financiaci\u00f3n adicional, LIFE se reserva el derecho a no pagar los anticipos, lo que tendr\u00eda como consecuencia que la demanda no fuera examinada o que cualquier recurso, en particular ante el Tribunal Supremo Federal, fuera inadmisible.<\/p>\n<h3>10. Posible p\u00e9rdida de derechos<\/h3>\n<p>El Cliente reconoce que puede perder los derechos de acci\u00f3n\/recurso si, por cualquier motivo, LIFE no interpone la acci\u00f3n o el recurso, en su caso, o si sus esfuerzos no tienen \u00e9xito.<\/p>\n<p>El Cliente confirma que LIFE no podr\u00e1 ser considerada responsable en tal caso.<\/p>\n<h3>11. Notificaciones<\/h3>\n<p>Todas las notificaciones u otros instrumentos o documentos que LIFE deba enviar al Cliente se enviar\u00e1n por correo electr\u00f3nico.<\/p>\n<p>El Cliente reconoce los riesgos inherentes a dicha comunicaci\u00f3n electr\u00f3nica, incluidos, entre otros, la confidencialidad limitada, la manipulaci\u00f3n, los fallos de transmisi\u00f3n, la falta de integridad o la corrupci\u00f3n de datos por virus.<\/p>\n<p>En particular, LIFE no declara ni garantiza que los mensajes electr\u00f3nicos enviados a un Cliente ser\u00e1n recibidos por el destinatario previsto sin modificaciones no autorizadas o en el momento oportuno; que la comunicaci\u00f3n electr\u00f3nica que indica a LIFE como remitente ha sido enviada por LIFE; y que la comunicaci\u00f3n electr\u00f3nica al Cliente ser\u00e1 le\u00edda y procesada en el momento oportuno.<\/p>\n<p>LIFE no ser\u00e1 responsable y excluye toda responsabilidad por los da\u00f1os sufridos por un Cliente derivados o relacionados con la realizaci\u00f3n de cualquier riesgo inherente al uso de las comunicaciones electr\u00f3nicas.<\/p>\n<h3>12. Lengua<\/h3>\n<p>Este acuerdo puede redactarse en varias lenguas.<\/p>\n<p>No obstante, s\u00f3lo la versi\u00f3n francesa se considerar\u00e1 aut\u00e9ntica en caso de litigio, en particular en lo que se refiere a su interpretaci\u00f3n y ejecuci\u00f3n.<\/p>\n<h3>13. No es una simple asociaci\u00f3n<\/h3>\n<p>Esta relaci\u00f3n contractual no crea una simple sociedad ni estructura societaria alguna.<\/p>\n<h3>14. Fuerza mayor<\/h3>\n<p>Bajo ninguna circunstancia LIFE ser\u00e1 responsable de cualquier incumplimiento o retraso en el cumplimiento de sus obligaciones en virtud de estos TCG o del Contrato que se deriven o sean causados, directa o indirectamente, por fuerzas que escapen a su control, incluidas, entre otras, epidemias, huelgas, paros laborales, accidentes, actos de guerra o terrorismo, disturbios civiles o militares, cat\u00e1strofes nucleares o naturales o casos fortuitos e interrupciones,<br>p\u00e9rdida o mal funcionamiento de los servicios p\u00fablicos, comunicaciones o servicios inform\u00e1ticos (software y hardware); quedando entendido que LIFE har\u00e1 todos los esfuerzos razonables para reanudar sus actividades lo antes posible en estas circunstancias.<\/p>\n<p>LIFE reconoce y acepta que cualquier decisi\u00f3n o medida adoptada por cualquier tribunal o autoridad gubernamental o reguladora que tenga jurisdicci\u00f3n sobre LIFE, que pueda dar lugar a que LIFE no pueda cumplir sus obligaciones en virtud de estos TCG y del Contrato, ser\u00e1 tenida en cuenta y constituir\u00e1 una excusa aceptable para que LIFE sea considerada incapaz de cumplir puntualmente mientras dicha medida est\u00e9 en vigor.<\/p>\n<h3>15. Separabilidad<\/h3>\n<p>Si alguna disposici\u00f3n de estos TCG se considera prohibida, ineficaz o inaplicable en su totalidad o en parte por cualquier motivo, dicha disposici\u00f3n dejar\u00e1 de tener efecto sin que ello afecte a la validez de las restantes disposiciones de este Acuerdo.<\/p>\n<p>Las Partes o el tribunal competente sustituir\u00e1n esta disposici\u00f3n por otra de forma que se preserve, en la medida de lo posible, el equilibrio econ\u00f3mico de las presentes CGC.<\/p>\n<h3>16. Firmas<\/h3>\n<p>Cada Cliente es responsable de la absoluta exactitud de toda la informaci\u00f3n que le concierne. LIFE debe ser notificada inmediatamente de cualquier cambio.<\/p>\n<p>LIFE no acepta ninguna responsabilidad por confiar en la autenticidad y validez de una firma que, de hecho, no sea aut\u00e9ntica ni v\u00e1lida, incluso en caso de falta de capacidad por razones de incapacidad personal, procedimiento de insolvencia del Cliente en cuesti\u00f3n u otras razones.<\/p>\n<p>Si LIFE duda de la autenticidad de una firma en una notificaci\u00f3n, tiene el derecho, pero no la obligaci\u00f3n, de exigir que dicha firma sea autenticada por un notario o verificada de cualquier otra forma.<\/p>\t\t\t\t\t\t\t\t<\/div>\n\t\t\t\t<\/div>\n\t\t\t\t\t<\/div>\n\t\t<\/div>\n\t\t\t\t\t<\/div>\n\t\t<\/section>\n\t\t\t\t<\/div>\n\t\t","protected":false},"excerpt":{"rendered":"<p>Condiciones generales Las presentes Condiciones Generales (en lo sucesivo, las \u00abCGC\u00bb) regulan la relaci\u00f3n jur\u00eddica entre LIFE PLANTATION SARL, rue des petits-Champs 13, 1400 Yverdon-les-Bains, Suiza (en lo sucesivo, \u00abLIFE\u00bb) y los Clientes (en lo sucesivo, el \u00abCliente\u00bb), denominados conjuntamente las \u00abPartes\u00bb, en virtud del contrato de venta celebrado entre ellos (en lo sucesivo, el [&hellip;]<\/p>\n","protected":false},"author":1,"featured_media":0,"parent":0,"menu_order":0,"comment_status":"closed","ping_status":"closed","template":"","meta":{"footnotes":""},"class_list":["post-3867","page","type-page","status-publish","hentry"],"yoast_head":"<!-- This site is optimized with the Yoast SEO plugin v27.1.1 - https:\/\/yoast.com\/product\/yoast-seo-wordpress\/ -->\n<title>Condiciones de venta - Life Plantation<\/title>\n<meta name=\"description\" content=\"Contribuez d\u00e8s maintenant \u00e0 un avenir plus durable.Achetez votre premier arbre de type Paulownias \u201cElongata\u201d en Europe...\" \/>\n<meta name=\"robots\" content=\"index, follow, max-snippet:-1, max-image-preview:large, max-video-preview:-1\" \/>\n<link rel=\"canonical\" href=\"https:\/\/life-plantation.ch\/es\/condiciones-de-venta\/\" \/>\n<meta property=\"og:locale\" content=\"es_ES\" \/>\n<meta property=\"og:type\" content=\"article\" \/>\n<meta property=\"og:title\" content=\"Condiciones de venta - Life Plantation\" \/>\n<meta property=\"og:description\" content=\"Contribuez d\u00e8s maintenant \u00e0 un avenir plus durable.Achetez votre premier arbre de type Paulownias \u201cElongata\u201d en Europe...\" \/>\n<meta property=\"og:url\" content=\"https:\/\/life-plantation.ch\/es\/condiciones-de-venta\/\" \/>\n<meta property=\"og:site_name\" content=\"Life Plantation\" \/>\n<meta property=\"article:modified_time\" content=\"2025-07-10T11:40:12+00:00\" \/>\n<meta property=\"og:image\" content=\"https:\/\/life-plantation.ch\/wp-content\/uploads\/2024\/02\/logo-site-web.png\" \/>\n\t<meta property=\"og:image:width\" content=\"987\" \/>\n\t<meta property=\"og:image:height\" content=\"457\" \/>\n\t<meta property=\"og:image:type\" content=\"image\/png\" \/>\n<meta name=\"twitter:card\" content=\"summary_large_image\" \/>\n<meta name=\"twitter:label1\" content=\"Tiempo de lectura\" \/>\n\t<meta name=\"twitter:data1\" content=\"8 minutos\" \/>\n<script type=\"application\/ld+json\" class=\"yoast-schema-graph\">{\"@context\":\"https:\/\/schema.org\",\"@graph\":[{\"@type\":\"WebPage\",\"@id\":\"https:\/\/life-plantation.ch\/es\/condiciones-de-venta\/\",\"url\":\"https:\/\/life-plantation.ch\/es\/condiciones-de-venta\/\",\"name\":\"Condiciones de venta - Life Plantation\",\"isPartOf\":{\"@id\":\"https:\/\/life-plantation.ch\/es\/#website\"},\"datePublished\":\"2024-07-04T13:39:18+00:00\",\"dateModified\":\"2025-07-10T11:40:12+00:00\",\"description\":\"Contribuez d\u00e8s maintenant \u00e0 un avenir plus durable.Achetez votre premier arbre de type Paulownias \u201cElongata\u201d en Europe...\",\"breadcrumb\":{\"@id\":\"https:\/\/life-plantation.ch\/es\/condiciones-de-venta\/#breadcrumb\"},\"inLanguage\":\"es\",\"potentialAction\":[{\"@type\":\"ReadAction\",\"target\":[\"https:\/\/life-plantation.ch\/es\/condiciones-de-venta\/\"]}]},{\"@type\":\"BreadcrumbList\",\"@id\":\"https:\/\/life-plantation.ch\/es\/condiciones-de-venta\/#breadcrumb\",\"itemListElement\":[{\"@type\":\"ListItem\",\"position\":1,\"name\":\"Accueil\",\"item\":\"https:\/\/life-plantation.ch\/es\/plantacion-life-inicio\/\"},{\"@type\":\"ListItem\",\"position\":2,\"name\":\"Condiciones de venta\"}]},{\"@type\":\"WebSite\",\"@id\":\"https:\/\/life-plantation.ch\/es\/#website\",\"url\":\"https:\/\/life-plantation.ch\/es\/\",\"name\":\"Life Plantation\",\"description\":\"\",\"publisher\":{\"@id\":\"https:\/\/life-plantation.ch\/es\/#organization\"},\"potentialAction\":[{\"@type\":\"SearchAction\",\"target\":{\"@type\":\"EntryPoint\",\"urlTemplate\":\"https:\/\/life-plantation.ch\/es\/?s={search_term_string}\"},\"query-input\":{\"@type\":\"PropertyValueSpecification\",\"valueRequired\":true,\"valueName\":\"search_term_string\"}}],\"inLanguage\":\"es\"},{\"@type\":\"Organization\",\"@id\":\"https:\/\/life-plantation.ch\/es\/#organization\",\"name\":\"Life Plantation\",\"url\":\"https:\/\/life-plantation.ch\/es\/\",\"logo\":{\"@type\":\"ImageObject\",\"inLanguage\":\"es\",\"@id\":\"https:\/\/life-plantation.ch\/es\/#\/schema\/logo\/image\/\",\"url\":\"https:\/\/life-plantation.ch\/wp-content\/uploads\/2024\/02\/logo-site-web.png\",\"contentUrl\":\"https:\/\/life-plantation.ch\/wp-content\/uploads\/2024\/02\/logo-site-web.png\",\"width\":987,\"height\":457,\"caption\":\"Life Plantation\"},\"image\":{\"@id\":\"https:\/\/life-plantation.ch\/es\/#\/schema\/logo\/image\/\"}}]}<\/script>\n<!-- \/ Yoast SEO plugin. -->","yoast_head_json":{"title":"Condiciones de venta - Life Plantation","description":"Contribuez d\u00e8s maintenant \u00e0 un avenir plus durable.Achetez votre premier arbre de type Paulownias \u201cElongata\u201d en Europe...","robots":{"index":"index","follow":"follow","max-snippet":"max-snippet:-1","max-image-preview":"max-image-preview:large","max-video-preview":"max-video-preview:-1"},"canonical":"https:\/\/life-plantation.ch\/es\/condiciones-de-venta\/","og_locale":"es_ES","og_type":"article","og_title":"Condiciones de venta - Life Plantation","og_description":"Contribuez d\u00e8s maintenant \u00e0 un avenir plus durable.Achetez votre premier arbre de type Paulownias \u201cElongata\u201d en Europe...","og_url":"https:\/\/life-plantation.ch\/es\/condiciones-de-venta\/","og_site_name":"Life Plantation","article_modified_time":"2025-07-10T11:40:12+00:00","og_image":[{"width":987,"height":457,"url":"https:\/\/life-plantation.ch\/wp-content\/uploads\/2024\/02\/logo-site-web.png","type":"image\/png"}],"twitter_card":"summary_large_image","twitter_misc":{"Tiempo de lectura":"8 minutos"},"schema":{"@context":"https:\/\/schema.org","@graph":[{"@type":"WebPage","@id":"https:\/\/life-plantation.ch\/es\/condiciones-de-venta\/","url":"https:\/\/life-plantation.ch\/es\/condiciones-de-venta\/","name":"Condiciones de venta - Life Plantation","isPartOf":{"@id":"https:\/\/life-plantation.ch\/es\/#website"},"datePublished":"2024-07-04T13:39:18+00:00","dateModified":"2025-07-10T11:40:12+00:00","description":"Contribuez d\u00e8s maintenant \u00e0 un avenir plus durable.Achetez votre premier arbre de type Paulownias \u201cElongata\u201d en Europe...","breadcrumb":{"@id":"https:\/\/life-plantation.ch\/es\/condiciones-de-venta\/#breadcrumb"},"inLanguage":"es","potentialAction":[{"@type":"ReadAction","target":["https:\/\/life-plantation.ch\/es\/condiciones-de-venta\/"]}]},{"@type":"BreadcrumbList","@id":"https:\/\/life-plantation.ch\/es\/condiciones-de-venta\/#breadcrumb","itemListElement":[{"@type":"ListItem","position":1,"name":"Accueil","item":"https:\/\/life-plantation.ch\/es\/plantacion-life-inicio\/"},{"@type":"ListItem","position":2,"name":"Condiciones de venta"}]},{"@type":"WebSite","@id":"https:\/\/life-plantation.ch\/es\/#website","url":"https:\/\/life-plantation.ch\/es\/","name":"Life Plantation","description":"","publisher":{"@id":"https:\/\/life-plantation.ch\/es\/#organization"},"potentialAction":[{"@type":"SearchAction","target":{"@type":"EntryPoint","urlTemplate":"https:\/\/life-plantation.ch\/es\/?s={search_term_string}"},"query-input":{"@type":"PropertyValueSpecification","valueRequired":true,"valueName":"search_term_string"}}],"inLanguage":"es"},{"@type":"Organization","@id":"https:\/\/life-plantation.ch\/es\/#organization","name":"Life Plantation","url":"https:\/\/life-plantation.ch\/es\/","logo":{"@type":"ImageObject","inLanguage":"es","@id":"https:\/\/life-plantation.ch\/es\/#\/schema\/logo\/image\/","url":"https:\/\/life-plantation.ch\/wp-content\/uploads\/2024\/02\/logo-site-web.png","contentUrl":"https:\/\/life-plantation.ch\/wp-content\/uploads\/2024\/02\/logo-site-web.png","width":987,"height":457,"caption":"Life Plantation"},"image":{"@id":"https:\/\/life-plantation.ch\/es\/#\/schema\/logo\/image\/"}}]}},"_links":{"self":[{"href":"https:\/\/life-plantation.ch\/es\/wp-json\/wp\/v2\/pages\/3867","targetHints":{"allow":["GET"]}}],"collection":[{"href":"https:\/\/life-plantation.ch\/es\/wp-json\/wp\/v2\/pages"}],"about":[{"href":"https:\/\/life-plantation.ch\/es\/wp-json\/wp\/v2\/types\/page"}],"author":[{"embeddable":true,"href":"https:\/\/life-plantation.ch\/es\/wp-json\/wp\/v2\/users\/1"}],"replies":[{"embeddable":true,"href":"https:\/\/life-plantation.ch\/es\/wp-json\/wp\/v2\/comments?post=3867"}],"version-history":[{"count":5,"href":"https:\/\/life-plantation.ch\/es\/wp-json\/wp\/v2\/pages\/3867\/revisions"}],"predecessor-version":[{"id":4652,"href":"https:\/\/life-plantation.ch\/es\/wp-json\/wp\/v2\/pages\/3867\/revisions\/4652"}],"wp:attachment":[{"href":"https:\/\/life-plantation.ch\/es\/wp-json\/wp\/v2\/media?parent=3867"}],"curies":[{"name":"wp","href":"https:\/\/api.w.org\/{rel}","templated":true}]}}