{"id":3869,"date":"2024-06-03T10:44:46","date_gmt":"2024-06-03T08:44:46","guid":{"rendered":"https:\/\/a04y9kbwzan.preview.infomaniak.website\/contrasena-perdida\/"},"modified":"2024-11-19T14:22:22","modified_gmt":"2024-11-19T13:22:22","slug":"contrasena-perdida","status":"publish","type":"page","link":"https:\/\/life-plantation.ch\/es\/contrasena-perdida\/","title":{"rendered":"Contrase\u00f1a perdida"},"content":{"rendered":"<p>Introduce a continuaci\u00f3n tu nombre de usuario o direcci\u00f3n de correo electr\u00f3nico. Recibir\u00e1s un enlace para confirmar la solicitud por correo electr\u00f3nico. Se te proporcionar\u00e1 una nueva contrase\u00f1a generada que podr\u00e1s cambiar posteriormente desde el Portal del Afiliado.  <\/p>\n<p>[uap-reset-password]<\/p>\n","protected":false},"excerpt":{"rendered":"<p>Introduce a continuaci\u00f3n tu nombre de usuario o direcci\u00f3n de correo electr\u00f3nico. Recibir\u00e1s un enlace para confirmar la solicitud por correo electr\u00f3nico. Se te proporcionar\u00e1 una nueva contrase\u00f1a generada que podr\u00e1s cambiar posteriormente desde el Portal del Afiliado. [uap-reset-password]<\/p>\n","protected":false},"author":1,"featured_media":0,"parent":0,"menu_order":0,"comment_status":"closed","ping_status":"closed","template":"","meta":{"footnotes":""},"class_list":["post-3869","page","type-page","status-publish","hentry"],"yoast_head":"<!-- This site is optimized with the Yoast SEO plugin v27.1.1 - https:\/\/yoast.com\/product\/yoast-seo-wordpress\/ -->\n<title>Contrase\u00f1a perdida - Life Plantation<\/title>\n<meta name=\"description\" content=\"Contribuez d\u00e8s maintenant \u00e0 un avenir plus durable.Achetez votre premier arbre de type Paulownias \u201cElongata\u201d en Europe...\" \/>\n<meta name=\"robots\" content=\"index, follow, max-snippet:-1, max-image-preview:large, max-video-preview:-1\" \/>\n<link rel=\"canonical\" href=\"https:\/\/life-plantation.ch\/es\/contrasena-perdida\/\" \/>\n<meta property=\"og:locale\" content=\"es_ES\" \/>\n<meta property=\"og:type\" content=\"article\" \/>\n<meta property=\"og:title\" content=\"Contrase\u00f1a perdida - Life Plantation\" \/>\n<meta property=\"og:description\" content=\"Contribuez d\u00e8s maintenant \u00e0 un avenir plus durable.Achetez votre premier arbre de type Paulownias \u201cElongata\u201d en Europe...\" \/>\n<meta property=\"og:url\" content=\"https:\/\/life-plantation.ch\/es\/contrasena-perdida\/\" \/>\n<meta property=\"og:site_name\" content=\"Life Plantation\" \/>\n<meta property=\"article:modified_time\" content=\"2024-11-19T13:22:22+00:00\" \/>\n<meta property=\"og:image\" content=\"https:\/\/life-plantation.ch\/wp-content\/uploads\/2024\/02\/logo-site-web.png\" \/>\n\t<meta property=\"og:image:width\" content=\"987\" \/>\n\t<meta property=\"og:image:height\" content=\"457\" \/>\n\t<meta property=\"og:image:type\" content=\"image\/png\" \/>\n<meta name=\"twitter:card\" content=\"summary_large_image\" \/>\n<script type=\"application\/ld+json\" class=\"yoast-schema-graph\">{\"@context\":\"https:\/\/schema.org\",\"@graph\":[{\"@type\":\"WebPage\",\"@id\":\"https:\/\/life-plantation.ch\/es\/contrasena-perdida\/\",\"url\":\"https:\/\/life-plantation.ch\/es\/contrasena-perdida\/\",\"name\":\"Contrase\u00f1a perdida - Life Plantation\",\"isPartOf\":{\"@id\":\"https:\/\/life-plantation.ch\/es\/#website\"},\"datePublished\":\"2024-06-03T08:44:46+00:00\",\"dateModified\":\"2024-11-19T13:22:22+00:00\",\"description\":\"Contribuez d\u00e8s maintenant \u00e0 un avenir plus durable.Achetez votre premier arbre de type Paulownias \u201cElongata\u201d en Europe...\",\"breadcrumb\":{\"@id\":\"https:\/\/life-plantation.ch\/es\/contrasena-perdida\/#breadcrumb\"},\"inLanguage\":\"es\",\"potentialAction\":[{\"@type\":\"ReadAction\",\"target\":[\"https:\/\/life-plantation.ch\/es\/contrasena-perdida\/\"]}]},{\"@type\":\"BreadcrumbList\",\"@id\":\"https:\/\/life-plantation.ch\/es\/contrasena-perdida\/#breadcrumb\",\"itemListElement\":[{\"@type\":\"ListItem\",\"position\":1,\"name\":\"Accueil\",\"item\":\"https:\/\/life-plantation.ch\/es\/plantacion-life-inicio\/\"},{\"@type\":\"ListItem\",\"position\":2,\"name\":\"Contrase\u00f1a perdida\"}]},{\"@type\":\"WebSite\",\"@id\":\"https:\/\/life-plantation.ch\/es\/#website\",\"url\":\"https:\/\/life-plantation.ch\/es\/\",\"name\":\"Life Plantation\",\"description\":\"\",\"publisher\":{\"@id\":\"https:\/\/life-plantation.ch\/es\/#organization\"},\"potentialAction\":[{\"@type\":\"SearchAction\",\"target\":{\"@type\":\"EntryPoint\",\"urlTemplate\":\"https:\/\/life-plantation.ch\/es\/?s={search_term_string}\"},\"query-input\":{\"@type\":\"PropertyValueSpecification\",\"valueRequired\":true,\"valueName\":\"search_term_string\"}}],\"inLanguage\":\"es\"},{\"@type\":\"Organization\",\"@id\":\"https:\/\/life-plantation.ch\/es\/#organization\",\"name\":\"Life Plantation\",\"url\":\"https:\/\/life-plantation.ch\/es\/\",\"logo\":{\"@type\":\"ImageObject\",\"inLanguage\":\"es\",\"@id\":\"https:\/\/life-plantation.ch\/es\/#\/schema\/logo\/image\/\",\"url\":\"https:\/\/life-plantation.ch\/wp-content\/uploads\/2024\/02\/logo-site-web.png\",\"contentUrl\":\"https:\/\/life-plantation.ch\/wp-content\/uploads\/2024\/02\/logo-site-web.png\",\"width\":987,\"height\":457,\"caption\":\"Life Plantation\"},\"image\":{\"@id\":\"https:\/\/life-plantation.ch\/es\/#\/schema\/logo\/image\/\"}}]}<\/script>\n<!-- \/ Yoast SEO plugin. -->","yoast_head_json":{"title":"Contrase\u00f1a perdida - Life Plantation","description":"Contribuez d\u00e8s maintenant \u00e0 un avenir plus durable.Achetez votre premier arbre de type Paulownias \u201cElongata\u201d en Europe...","robots":{"index":"index","follow":"follow","max-snippet":"max-snippet:-1","max-image-preview":"max-image-preview:large","max-video-preview":"max-video-preview:-1"},"canonical":"https:\/\/life-plantation.ch\/es\/contrasena-perdida\/","og_locale":"es_ES","og_type":"article","og_title":"Contrase\u00f1a perdida - Life Plantation","og_description":"Contribuez d\u00e8s maintenant \u00e0 un avenir plus durable.Achetez votre premier arbre de type Paulownias \u201cElongata\u201d en Europe...","og_url":"https:\/\/life-plantation.ch\/es\/contrasena-perdida\/","og_site_name":"Life Plantation","article_modified_time":"2024-11-19T13:22:22+00:00","og_image":[{"width":987,"height":457,"url":"https:\/\/life-plantation.ch\/wp-content\/uploads\/2024\/02\/logo-site-web.png","type":"image\/png"}],"twitter_card":"summary_large_image","schema":{"@context":"https:\/\/schema.org","@graph":[{"@type":"WebPage","@id":"https:\/\/life-plantation.ch\/es\/contrasena-perdida\/","url":"https:\/\/life-plantation.ch\/es\/contrasena-perdida\/","name":"Contrase\u00f1a perdida - Life Plantation","isPartOf":{"@id":"https:\/\/life-plantation.ch\/es\/#website"},"datePublished":"2024-06-03T08:44:46+00:00","dateModified":"2024-11-19T13:22:22+00:00","description":"Contribuez d\u00e8s maintenant \u00e0 un avenir plus durable.Achetez votre premier arbre de type Paulownias \u201cElongata\u201d en Europe...","breadcrumb":{"@id":"https:\/\/life-plantation.ch\/es\/contrasena-perdida\/#breadcrumb"},"inLanguage":"es","potentialAction":[{"@type":"ReadAction","target":["https:\/\/life-plantation.ch\/es\/contrasena-perdida\/"]}]},{"@type":"BreadcrumbList","@id":"https:\/\/life-plantation.ch\/es\/contrasena-perdida\/#breadcrumb","itemListElement":[{"@type":"ListItem","position":1,"name":"Accueil","item":"https:\/\/life-plantation.ch\/es\/plantacion-life-inicio\/"},{"@type":"ListItem","position":2,"name":"Contrase\u00f1a perdida"}]},{"@type":"WebSite","@id":"https:\/\/life-plantation.ch\/es\/#website","url":"https:\/\/life-plantation.ch\/es\/","name":"Life Plantation","description":"","publisher":{"@id":"https:\/\/life-plantation.ch\/es\/#organization"},"potentialAction":[{"@type":"SearchAction","target":{"@type":"EntryPoint","urlTemplate":"https:\/\/life-plantation.ch\/es\/?s={search_term_string}"},"query-input":{"@type":"PropertyValueSpecification","valueRequired":true,"valueName":"search_term_string"}}],"inLanguage":"es"},{"@type":"Organization","@id":"https:\/\/life-plantation.ch\/es\/#organization","name":"Life Plantation","url":"https:\/\/life-plantation.ch\/es\/","logo":{"@type":"ImageObject","inLanguage":"es","@id":"https:\/\/life-plantation.ch\/es\/#\/schema\/logo\/image\/","url":"https:\/\/life-plantation.ch\/wp-content\/uploads\/2024\/02\/logo-site-web.png","contentUrl":"https:\/\/life-plantation.ch\/wp-content\/uploads\/2024\/02\/logo-site-web.png","width":987,"height":457,"caption":"Life Plantation"},"image":{"@id":"https:\/\/life-plantation.ch\/es\/#\/schema\/logo\/image\/"}}]}},"_links":{"self":[{"href":"https:\/\/life-plantation.ch\/es\/wp-json\/wp\/v2\/pages\/3869","targetHints":{"allow":["GET"]}}],"collection":[{"href":"https:\/\/life-plantation.ch\/es\/wp-json\/wp\/v2\/pages"}],"about":[{"href":"https:\/\/life-plantation.ch\/es\/wp-json\/wp\/v2\/types\/page"}],"author":[{"embeddable":true,"href":"https:\/\/life-plantation.ch\/es\/wp-json\/wp\/v2\/users\/1"}],"replies":[{"embeddable":true,"href":"https:\/\/life-plantation.ch\/es\/wp-json\/wp\/v2\/comments?post=3869"}],"version-history":[{"count":1,"href":"https:\/\/life-plantation.ch\/es\/wp-json\/wp\/v2\/pages\/3869\/revisions"}],"predecessor-version":[{"id":3870,"href":"https:\/\/life-plantation.ch\/es\/wp-json\/wp\/v2\/pages\/3869\/revisions\/3870"}],"wp:attachment":[{"href":"https:\/\/life-plantation.ch\/es\/wp-json\/wp\/v2\/media?parent=3869"}],"curies":[{"name":"wp","href":"https:\/\/api.w.org\/{rel}","templated":true}]}}