{"id":3320,"date":"2024-02-22T10:34:43","date_gmt":"2024-02-22T09:34:43","guid":{"rendered":"https:\/\/a04y9kbwzan.preview.infomaniak.website\/cestino\/"},"modified":"2026-03-03T18:01:03","modified_gmt":"2026-03-03T17:01:03","slug":"cestino","status":"publish","type":"page","link":"https:\/\/life-plantation.ch\/it\/cestino\/","title":{"rendered":"Cestino"},"content":{"rendered":"\t\t<div data-elementor-type=\"wp-page\" data-elementor-id=\"3320\" class=\"elementor elementor-3320 elementor-197\" data-elementor-post-type=\"page\">\n\t\t\t\t\t\t<section class=\"elementor-section elementor-top-section elementor-element elementor-element-7bff2d5 elementor-section-boxed elementor-section-height-default elementor-section-height-default\" data-id=\"7bff2d5\" data-element_type=\"section\" data-e-type=\"section\">\n\t\t\t\t\t\t<div class=\"elementor-container elementor-column-gap-default\">\n\t\t\t\t\t<div class=\"elementor-column elementor-col-100 elementor-top-column elementor-element elementor-element-93af80f\" data-id=\"93af80f\" data-element_type=\"column\" data-e-type=\"column\">\n\t\t\t<div class=\"elementor-widget-wrap elementor-element-populated\">\n\t\t\t\t\t\t\t<\/div>\n\t\t<\/div>\n\t\t\t\t\t<\/div>\n\t\t<\/section>\n\t\t\t\t<section class=\"elementor-section elementor-top-section elementor-element elementor-element-c2e3687 elementor-reverse-tablet elementor-reverse-mobile elementor-section-boxed elementor-section-height-default elementor-section-height-default\" data-id=\"c2e3687\" data-element_type=\"section\" data-e-type=\"section\">\n\t\t\t\t\t\t<div class=\"elementor-container elementor-column-gap-default\">\n\t\t\t\t\t<div class=\"elementor-column elementor-col-50 elementor-top-column elementor-element elementor-element-0381594\" data-id=\"0381594\" data-element_type=\"column\" data-e-type=\"column\">\n\t\t\t<div class=\"elementor-widget-wrap\">\n\t\t\t\t\t\t\t<\/div>\n\t\t<\/div>\n\t\t\t\t<div class=\"elementor-column elementor-col-50 elementor-top-column elementor-element elementor-element-06b3e58\" data-id=\"06b3e58\" data-element_type=\"column\" data-e-type=\"column\">\n\t\t\t<div class=\"elementor-widget-wrap elementor-element-populated\">\n\t\t\t\t\t\t<div class=\"elementor-element elementor-element-ac53315 elementor-align-center elementor-widget elementor-widget-button\" data-id=\"ac53315\" data-element_type=\"widget\" data-e-type=\"widget\" data-widget_type=\"button.default\">\n\t\t\t\t<div class=\"elementor-widget-container\">\n\t\t\t\t\t\t\t\t\t<div class=\"elementor-button-wrapper\">\n\t\t\t\t\t<a class=\"elementor-button elementor-button-link elementor-size-sm\" href=\"https:\/\/life-plantation.ch\/wp-content\/uploads\/2026\/03\/Sale-contract-2026.pdf\" target=\"_blank\">\n\t\t\t\t\t\t<span class=\"elementor-button-content-wrapper\">\n\t\t\t\t\t\t\t\t\t<span class=\"elementor-button-text\">Visualizza il contratto di vendita<\/span>\n\t\t\t\t\t<\/span>\n\t\t\t\t\t<\/a>\n\t\t\t\t<\/div>\n\t\t\t\t\t\t\t\t<\/div>\n\t\t\t\t<\/div>\n\t\t\t\t\t<\/div>\n\t\t<\/div>\n\t\t\t\t\t<\/div>\n\t\t<\/section>\n\t\t\t\t<\/div>\n\t\t","protected":false},"excerpt":{"rendered":"<p>Supprimer l\u2019\u00e9l\u00e9ment Miniature Produit Prix Quantit\u00e9 Sous-total &times; Paulownia Elongata 266.76&nbsp;&#67;&#72;&#70; &#8211; quantit\u00e9 de Paulownia Elongata&nbsp; + 2&#8217;667.60&nbsp;&#67;&#72;&#70; (TTC) Aggiornamento cestino Totale del cestino Sous-total 2&#8217;667.60&nbsp;&#67;&#72;&#70; (TTC) Total 2&#8217;667.60&nbsp;&#67;&#72;&#70; (dont 67.60&nbsp;&#067;&#072;&#070; TVA Suisse 2.6%) Signer le contrat Visualizza il contratto di vendita<\/p>\n","protected":false},"author":1,"featured_media":0,"parent":0,"menu_order":0,"comment_status":"closed","ping_status":"closed","template":"elementor_header_footer","meta":{"footnotes":""},"class_list":["post-3320","page","type-page","status-publish","hentry"],"yoast_head":"<!-- This site is optimized with the Yoast SEO plugin v27.1.1 - https:\/\/yoast.com\/product\/yoast-seo-wordpress\/ -->\n<title>Cestino - Life Plantation<\/title>\n<meta name=\"description\" content=\"Contribuez d\u00e8s maintenant \u00e0 un avenir plus durable.Achetez votre premier arbre de type Paulownias \u201cElongata\u201d en Europe...\" \/>\n<meta name=\"robots\" content=\"index, follow, max-snippet:-1, max-image-preview:large, max-video-preview:-1\" \/>\n<link rel=\"canonical\" href=\"https:\/\/life-plantation.ch\/it\/cestino\/\" \/>\n<meta property=\"og:locale\" content=\"it_IT\" \/>\n<meta property=\"og:type\" content=\"article\" \/>\n<meta property=\"og:title\" content=\"Cestino - Life Plantation\" \/>\n<meta property=\"og:description\" content=\"Contribuez d\u00e8s maintenant \u00e0 un avenir plus durable.Achetez votre premier arbre de type Paulownias \u201cElongata\u201d en Europe...\" \/>\n<meta property=\"og:url\" content=\"https:\/\/life-plantation.ch\/it\/cestino\/\" \/>\n<meta property=\"og:site_name\" content=\"Life Plantation\" \/>\n<meta property=\"article:modified_time\" content=\"2026-03-03T17:01:03+00:00\" \/>\n<meta property=\"og:image\" content=\"https:\/\/life-plantation.ch\/wp-content\/uploads\/2024\/04\/Tree_-300x300.webp\" \/>\n<meta name=\"twitter:card\" content=\"summary_large_image\" \/>\n<meta name=\"twitter:label1\" content=\"Tempo di lettura stimato\" \/>\n\t<meta name=\"twitter:data1\" content=\"1 minuto\" \/>\n<script type=\"application\/ld+json\" class=\"yoast-schema-graph\">{\"@context\":\"https:\/\/schema.org\",\"@graph\":[{\"@type\":\"WebPage\",\"@id\":\"https:\/\/life-plantation.ch\/it\/cestino\/\",\"url\":\"https:\/\/life-plantation.ch\/it\/cestino\/\",\"name\":\"Cestino - Life Plantation\",\"isPartOf\":{\"@id\":\"https:\/\/life-plantation.ch\/it\/#website\"},\"primaryImageOfPage\":{\"@id\":\"https:\/\/life-plantation.ch\/it\/cestino\/#primaryimage\"},\"image\":{\"@id\":\"https:\/\/life-plantation.ch\/it\/cestino\/#primaryimage\"},\"thumbnailUrl\":\"https:\/\/life-plantation.ch\/wp-content\/uploads\/2024\/04\/Tree_-300x300.webp\",\"datePublished\":\"2024-02-22T09:34:43+00:00\",\"dateModified\":\"2026-03-03T17:01:03+00:00\",\"description\":\"Contribuez d\u00e8s maintenant \u00e0 un avenir plus durable.Achetez votre premier arbre de type Paulownias \u201cElongata\u201d en Europe...\",\"breadcrumb\":{\"@id\":\"https:\/\/life-plantation.ch\/it\/cestino\/#breadcrumb\"},\"inLanguage\":\"it-IT\",\"potentialAction\":[{\"@type\":\"ReadAction\",\"target\":[\"https:\/\/life-plantation.ch\/it\/cestino\/\"]}]},{\"@type\":\"ImageObject\",\"inLanguage\":\"it-IT\",\"@id\":\"https:\/\/life-plantation.ch\/it\/cestino\/#primaryimage\",\"url\":\"https:\/\/life-plantation.ch\/wp-content\/uploads\/2024\/04\/Tree_-300x300.webp\",\"contentUrl\":\"https:\/\/life-plantation.ch\/wp-content\/uploads\/2024\/04\/Tree_-300x300.webp\"},{\"@type\":\"BreadcrumbList\",\"@id\":\"https:\/\/life-plantation.ch\/it\/cestino\/#breadcrumb\",\"itemListElement\":[{\"@type\":\"ListItem\",\"position\":1,\"name\":\"Accueil\",\"item\":\"https:\/\/life-plantation.ch\/it\/life-plantation-home\/\"},{\"@type\":\"ListItem\",\"position\":2,\"name\":\"Cestino\"}]},{\"@type\":\"WebSite\",\"@id\":\"https:\/\/life-plantation.ch\/it\/#website\",\"url\":\"https:\/\/life-plantation.ch\/it\/\",\"name\":\"Life Plantation\",\"description\":\"\",\"publisher\":{\"@id\":\"https:\/\/life-plantation.ch\/it\/#organization\"},\"potentialAction\":[{\"@type\":\"SearchAction\",\"target\":{\"@type\":\"EntryPoint\",\"urlTemplate\":\"https:\/\/life-plantation.ch\/it\/?s={search_term_string}\"},\"query-input\":{\"@type\":\"PropertyValueSpecification\",\"valueRequired\":true,\"valueName\":\"search_term_string\"}}],\"inLanguage\":\"it-IT\"},{\"@type\":\"Organization\",\"@id\":\"https:\/\/life-plantation.ch\/it\/#organization\",\"name\":\"Life Plantation\",\"url\":\"https:\/\/life-plantation.ch\/it\/\",\"logo\":{\"@type\":\"ImageObject\",\"inLanguage\":\"it-IT\",\"@id\":\"https:\/\/life-plantation.ch\/it\/#\/schema\/logo\/image\/\",\"url\":\"https:\/\/life-plantation.ch\/wp-content\/uploads\/2024\/02\/logo-site-web.png\",\"contentUrl\":\"https:\/\/life-plantation.ch\/wp-content\/uploads\/2024\/02\/logo-site-web.png\",\"width\":987,\"height\":457,\"caption\":\"Life Plantation\"},\"image\":{\"@id\":\"https:\/\/life-plantation.ch\/it\/#\/schema\/logo\/image\/\"}}]}<\/script>\n<!-- \/ Yoast SEO plugin. -->","yoast_head_json":{"title":"Cestino - Life Plantation","description":"Contribuez d\u00e8s maintenant \u00e0 un avenir plus durable.Achetez votre premier arbre de type Paulownias \u201cElongata\u201d en Europe...","robots":{"index":"index","follow":"follow","max-snippet":"max-snippet:-1","max-image-preview":"max-image-preview:large","max-video-preview":"max-video-preview:-1"},"canonical":"https:\/\/life-plantation.ch\/it\/cestino\/","og_locale":"it_IT","og_type":"article","og_title":"Cestino - Life Plantation","og_description":"Contribuez d\u00e8s maintenant \u00e0 un avenir plus durable.Achetez votre premier arbre de type Paulownias \u201cElongata\u201d en Europe...","og_url":"https:\/\/life-plantation.ch\/it\/cestino\/","og_site_name":"Life Plantation","article_modified_time":"2026-03-03T17:01:03+00:00","og_image":[{"url":"https:\/\/life-plantation.ch\/wp-content\/uploads\/2024\/04\/Tree_-300x300.webp","type":"","width":"","height":""}],"twitter_card":"summary_large_image","twitter_misc":{"Tempo di lettura stimato":"1 minuto"},"schema":{"@context":"https:\/\/schema.org","@graph":[{"@type":"WebPage","@id":"https:\/\/life-plantation.ch\/it\/cestino\/","url":"https:\/\/life-plantation.ch\/it\/cestino\/","name":"Cestino - Life Plantation","isPartOf":{"@id":"https:\/\/life-plantation.ch\/it\/#website"},"primaryImageOfPage":{"@id":"https:\/\/life-plantation.ch\/it\/cestino\/#primaryimage"},"image":{"@id":"https:\/\/life-plantation.ch\/it\/cestino\/#primaryimage"},"thumbnailUrl":"https:\/\/life-plantation.ch\/wp-content\/uploads\/2024\/04\/Tree_-300x300.webp","datePublished":"2024-02-22T09:34:43+00:00","dateModified":"2026-03-03T17:01:03+00:00","description":"Contribuez d\u00e8s maintenant \u00e0 un avenir plus durable.Achetez votre premier arbre de type Paulownias \u201cElongata\u201d en Europe...","breadcrumb":{"@id":"https:\/\/life-plantation.ch\/it\/cestino\/#breadcrumb"},"inLanguage":"it-IT","potentialAction":[{"@type":"ReadAction","target":["https:\/\/life-plantation.ch\/it\/cestino\/"]}]},{"@type":"ImageObject","inLanguage":"it-IT","@id":"https:\/\/life-plantation.ch\/it\/cestino\/#primaryimage","url":"https:\/\/life-plantation.ch\/wp-content\/uploads\/2024\/04\/Tree_-300x300.webp","contentUrl":"https:\/\/life-plantation.ch\/wp-content\/uploads\/2024\/04\/Tree_-300x300.webp"},{"@type":"BreadcrumbList","@id":"https:\/\/life-plantation.ch\/it\/cestino\/#breadcrumb","itemListElement":[{"@type":"ListItem","position":1,"name":"Accueil","item":"https:\/\/life-plantation.ch\/it\/life-plantation-home\/"},{"@type":"ListItem","position":2,"name":"Cestino"}]},{"@type":"WebSite","@id":"https:\/\/life-plantation.ch\/it\/#website","url":"https:\/\/life-plantation.ch\/it\/","name":"Life Plantation","description":"","publisher":{"@id":"https:\/\/life-plantation.ch\/it\/#organization"},"potentialAction":[{"@type":"SearchAction","target":{"@type":"EntryPoint","urlTemplate":"https:\/\/life-plantation.ch\/it\/?s={search_term_string}"},"query-input":{"@type":"PropertyValueSpecification","valueRequired":true,"valueName":"search_term_string"}}],"inLanguage":"it-IT"},{"@type":"Organization","@id":"https:\/\/life-plantation.ch\/it\/#organization","name":"Life Plantation","url":"https:\/\/life-plantation.ch\/it\/","logo":{"@type":"ImageObject","inLanguage":"it-IT","@id":"https:\/\/life-plantation.ch\/it\/#\/schema\/logo\/image\/","url":"https:\/\/life-plantation.ch\/wp-content\/uploads\/2024\/02\/logo-site-web.png","contentUrl":"https:\/\/life-plantation.ch\/wp-content\/uploads\/2024\/02\/logo-site-web.png","width":987,"height":457,"caption":"Life Plantation"},"image":{"@id":"https:\/\/life-plantation.ch\/it\/#\/schema\/logo\/image\/"}}]}},"_links":{"self":[{"href":"https:\/\/life-plantation.ch\/it\/wp-json\/wp\/v2\/pages\/3320","targetHints":{"allow":["GET"]}}],"collection":[{"href":"https:\/\/life-plantation.ch\/it\/wp-json\/wp\/v2\/pages"}],"about":[{"href":"https:\/\/life-plantation.ch\/it\/wp-json\/wp\/v2\/types\/page"}],"author":[{"embeddable":true,"href":"https:\/\/life-plantation.ch\/it\/wp-json\/wp\/v2\/users\/1"}],"replies":[{"embeddable":true,"href":"https:\/\/life-plantation.ch\/it\/wp-json\/wp\/v2\/comments?post=3320"}],"version-history":[{"count":10,"href":"https:\/\/life-plantation.ch\/it\/wp-json\/wp\/v2\/pages\/3320\/revisions"}],"predecessor-version":[{"id":4975,"href":"https:\/\/life-plantation.ch\/it\/wp-json\/wp\/v2\/pages\/3320\/revisions\/4975"}],"wp:attachment":[{"href":"https:\/\/life-plantation.ch\/it\/wp-json\/wp\/v2\/media?parent=3320"}],"curies":[{"name":"wp","href":"https:\/\/api.w.org\/{rel}","templated":true}]}}