{"id":3737,"date":"2024-06-03T10:44:46","date_gmt":"2024-06-03T08:44:46","guid":{"rendered":"https:\/\/a04y9kbwzan.preview.infomaniak.website\/palavra-passe-perdida\/"},"modified":"2024-11-19T13:57:58","modified_gmt":"2024-11-19T12:57:58","slug":"palavra-passe-perdida","status":"publish","type":"page","link":"https:\/\/life-plantation.ch\/pt-pt\/palavra-passe-perdida\/","title":{"rendered":"Palavra-passe perdida"},"content":{"rendered":"<p>Introduz o teu nome de utilizador ou endere\u00e7o de e-mail abaixo. Receber\u00e1s um link para confirmar o pedido por e-mail. Ser-te-\u00e1 fornecida uma nova palavra-passe que pode ser alterada mais tarde a partir do Portal de Afiliados.  <\/p>\n<p>[uap-reset-password]<\/p>\n","protected":false},"excerpt":{"rendered":"<p>Introduz o teu nome de utilizador ou endere\u00e7o de e-mail abaixo. Receber\u00e1s um link para confirmar o pedido por e-mail. Ser-te-\u00e1 fornecida uma nova palavra-passe que pode ser alterada mais tarde a partir do Portal de Afiliados. [uap-reset-password]<\/p>\n","protected":false},"author":1,"featured_media":0,"parent":0,"menu_order":0,"comment_status":"closed","ping_status":"closed","template":"","meta":{"footnotes":""},"class_list":["post-3737","page","type-page","status-publish","hentry"],"yoast_head":"<!-- This site is optimized with the Yoast SEO plugin v27.1.1 - https:\/\/yoast.com\/product\/yoast-seo-wordpress\/ -->\n<title>Palavra-passe perdida - Life Plantation<\/title>\n<meta name=\"description\" content=\"Contribuez d\u00e8s maintenant \u00e0 un avenir plus durable.Achetez votre premier arbre de type Paulownias \u201cElongata\u201d en Europe...\" \/>\n<meta name=\"robots\" content=\"index, follow, max-snippet:-1, max-image-preview:large, max-video-preview:-1\" \/>\n<link rel=\"canonical\" href=\"https:\/\/life-plantation.ch\/pt-pt\/palavra-passe-perdida\/\" \/>\n<meta property=\"og:locale\" content=\"pt_PT\" \/>\n<meta property=\"og:type\" content=\"article\" \/>\n<meta property=\"og:title\" content=\"Palavra-passe perdida - Life Plantation\" \/>\n<meta property=\"og:description\" content=\"Contribuez d\u00e8s maintenant \u00e0 un avenir plus durable.Achetez votre premier arbre de type Paulownias \u201cElongata\u201d en Europe...\" \/>\n<meta property=\"og:url\" content=\"https:\/\/life-plantation.ch\/pt-pt\/palavra-passe-perdida\/\" \/>\n<meta property=\"og:site_name\" content=\"Life Plantation\" \/>\n<meta property=\"article:modified_time\" content=\"2024-11-19T12:57:58+00:00\" \/>\n<meta property=\"og:image\" content=\"https:\/\/life-plantation.ch\/wp-content\/uploads\/2024\/02\/logo-site-web.png\" \/>\n\t<meta property=\"og:image:width\" content=\"987\" \/>\n\t<meta property=\"og:image:height\" content=\"457\" \/>\n\t<meta property=\"og:image:type\" content=\"image\/png\" \/>\n<meta name=\"twitter:card\" content=\"summary_large_image\" \/>\n<script type=\"application\/ld+json\" class=\"yoast-schema-graph\">{\"@context\":\"https:\/\/schema.org\",\"@graph\":[{\"@type\":\"WebPage\",\"@id\":\"https:\/\/life-plantation.ch\/pt-pt\/palavra-passe-perdida\/\",\"url\":\"https:\/\/life-plantation.ch\/pt-pt\/palavra-passe-perdida\/\",\"name\":\"Palavra-passe perdida - Life Plantation\",\"isPartOf\":{\"@id\":\"https:\/\/life-plantation.ch\/pt-pt\/#website\"},\"datePublished\":\"2024-06-03T08:44:46+00:00\",\"dateModified\":\"2024-11-19T12:57:58+00:00\",\"description\":\"Contribuez d\u00e8s maintenant \u00e0 un avenir plus durable.Achetez votre premier arbre de type Paulownias \u201cElongata\u201d en Europe...\",\"breadcrumb\":{\"@id\":\"https:\/\/life-plantation.ch\/pt-pt\/palavra-passe-perdida\/#breadcrumb\"},\"inLanguage\":\"pt-PT\",\"potentialAction\":[{\"@type\":\"ReadAction\",\"target\":[\"https:\/\/life-plantation.ch\/pt-pt\/palavra-passe-perdida\/\"]}]},{\"@type\":\"BreadcrumbList\",\"@id\":\"https:\/\/life-plantation.ch\/pt-pt\/palavra-passe-perdida\/#breadcrumb\",\"itemListElement\":[{\"@type\":\"ListItem\",\"position\":1,\"name\":\"Accueil\",\"item\":\"https:\/\/life-plantation.ch\/pt-pt\/inicio\/\"},{\"@type\":\"ListItem\",\"position\":2,\"name\":\"Palavra-passe perdida\"}]},{\"@type\":\"WebSite\",\"@id\":\"https:\/\/life-plantation.ch\/pt-pt\/#website\",\"url\":\"https:\/\/life-plantation.ch\/pt-pt\/\",\"name\":\"Life Plantation\",\"description\":\"\",\"publisher\":{\"@id\":\"https:\/\/life-plantation.ch\/pt-pt\/#organization\"},\"potentialAction\":[{\"@type\":\"SearchAction\",\"target\":{\"@type\":\"EntryPoint\",\"urlTemplate\":\"https:\/\/life-plantation.ch\/pt-pt\/?s={search_term_string}\"},\"query-input\":{\"@type\":\"PropertyValueSpecification\",\"valueRequired\":true,\"valueName\":\"search_term_string\"}}],\"inLanguage\":\"pt-PT\"},{\"@type\":\"Organization\",\"@id\":\"https:\/\/life-plantation.ch\/pt-pt\/#organization\",\"name\":\"Life Plantation\",\"url\":\"https:\/\/life-plantation.ch\/pt-pt\/\",\"logo\":{\"@type\":\"ImageObject\",\"inLanguage\":\"pt-PT\",\"@id\":\"https:\/\/life-plantation.ch\/pt-pt\/#\/schema\/logo\/image\/\",\"url\":\"https:\/\/life-plantation.ch\/wp-content\/uploads\/2024\/02\/logo-site-web.png\",\"contentUrl\":\"https:\/\/life-plantation.ch\/wp-content\/uploads\/2024\/02\/logo-site-web.png\",\"width\":987,\"height\":457,\"caption\":\"Life Plantation\"},\"image\":{\"@id\":\"https:\/\/life-plantation.ch\/pt-pt\/#\/schema\/logo\/image\/\"}}]}<\/script>\n<!-- \/ Yoast SEO plugin. -->","yoast_head_json":{"title":"Palavra-passe perdida - Life Plantation","description":"Contribuez d\u00e8s maintenant \u00e0 un avenir plus durable.Achetez votre premier arbre de type Paulownias \u201cElongata\u201d en Europe...","robots":{"index":"index","follow":"follow","max-snippet":"max-snippet:-1","max-image-preview":"max-image-preview:large","max-video-preview":"max-video-preview:-1"},"canonical":"https:\/\/life-plantation.ch\/pt-pt\/palavra-passe-perdida\/","og_locale":"pt_PT","og_type":"article","og_title":"Palavra-passe perdida - Life Plantation","og_description":"Contribuez d\u00e8s maintenant \u00e0 un avenir plus durable.Achetez votre premier arbre de type Paulownias \u201cElongata\u201d en Europe...","og_url":"https:\/\/life-plantation.ch\/pt-pt\/palavra-passe-perdida\/","og_site_name":"Life Plantation","article_modified_time":"2024-11-19T12:57:58+00:00","og_image":[{"width":987,"height":457,"url":"https:\/\/life-plantation.ch\/wp-content\/uploads\/2024\/02\/logo-site-web.png","type":"image\/png"}],"twitter_card":"summary_large_image","schema":{"@context":"https:\/\/schema.org","@graph":[{"@type":"WebPage","@id":"https:\/\/life-plantation.ch\/pt-pt\/palavra-passe-perdida\/","url":"https:\/\/life-plantation.ch\/pt-pt\/palavra-passe-perdida\/","name":"Palavra-passe perdida - Life Plantation","isPartOf":{"@id":"https:\/\/life-plantation.ch\/pt-pt\/#website"},"datePublished":"2024-06-03T08:44:46+00:00","dateModified":"2024-11-19T12:57:58+00:00","description":"Contribuez d\u00e8s maintenant \u00e0 un avenir plus durable.Achetez votre premier arbre de type Paulownias \u201cElongata\u201d en Europe...","breadcrumb":{"@id":"https:\/\/life-plantation.ch\/pt-pt\/palavra-passe-perdida\/#breadcrumb"},"inLanguage":"pt-PT","potentialAction":[{"@type":"ReadAction","target":["https:\/\/life-plantation.ch\/pt-pt\/palavra-passe-perdida\/"]}]},{"@type":"BreadcrumbList","@id":"https:\/\/life-plantation.ch\/pt-pt\/palavra-passe-perdida\/#breadcrumb","itemListElement":[{"@type":"ListItem","position":1,"name":"Accueil","item":"https:\/\/life-plantation.ch\/pt-pt\/inicio\/"},{"@type":"ListItem","position":2,"name":"Palavra-passe perdida"}]},{"@type":"WebSite","@id":"https:\/\/life-plantation.ch\/pt-pt\/#website","url":"https:\/\/life-plantation.ch\/pt-pt\/","name":"Life Plantation","description":"","publisher":{"@id":"https:\/\/life-plantation.ch\/pt-pt\/#organization"},"potentialAction":[{"@type":"SearchAction","target":{"@type":"EntryPoint","urlTemplate":"https:\/\/life-plantation.ch\/pt-pt\/?s={search_term_string}"},"query-input":{"@type":"PropertyValueSpecification","valueRequired":true,"valueName":"search_term_string"}}],"inLanguage":"pt-PT"},{"@type":"Organization","@id":"https:\/\/life-plantation.ch\/pt-pt\/#organization","name":"Life Plantation","url":"https:\/\/life-plantation.ch\/pt-pt\/","logo":{"@type":"ImageObject","inLanguage":"pt-PT","@id":"https:\/\/life-plantation.ch\/pt-pt\/#\/schema\/logo\/image\/","url":"https:\/\/life-plantation.ch\/wp-content\/uploads\/2024\/02\/logo-site-web.png","contentUrl":"https:\/\/life-plantation.ch\/wp-content\/uploads\/2024\/02\/logo-site-web.png","width":987,"height":457,"caption":"Life Plantation"},"image":{"@id":"https:\/\/life-plantation.ch\/pt-pt\/#\/schema\/logo\/image\/"}}]}},"_links":{"self":[{"href":"https:\/\/life-plantation.ch\/pt-pt\/wp-json\/wp\/v2\/pages\/3737","targetHints":{"allow":["GET"]}}],"collection":[{"href":"https:\/\/life-plantation.ch\/pt-pt\/wp-json\/wp\/v2\/pages"}],"about":[{"href":"https:\/\/life-plantation.ch\/pt-pt\/wp-json\/wp\/v2\/types\/page"}],"author":[{"embeddable":true,"href":"https:\/\/life-plantation.ch\/pt-pt\/wp-json\/wp\/v2\/users\/1"}],"replies":[{"embeddable":true,"href":"https:\/\/life-plantation.ch\/pt-pt\/wp-json\/wp\/v2\/comments?post=3737"}],"version-history":[{"count":1,"href":"https:\/\/life-plantation.ch\/pt-pt\/wp-json\/wp\/v2\/pages\/3737\/revisions"}],"predecessor-version":[{"id":3738,"href":"https:\/\/life-plantation.ch\/pt-pt\/wp-json\/wp\/v2\/pages\/3737\/revisions\/3738"}],"wp:attachment":[{"href":"https:\/\/life-plantation.ch\/pt-pt\/wp-json\/wp\/v2\/media?parent=3737"}],"curies":[{"name":"wp","href":"https:\/\/api.w.org\/{rel}","templated":true}]}}