{"id":3799,"date":"2024-07-04T15:39:18","date_gmt":"2024-07-04T13:39:18","guid":{"rendered":"https:\/\/a04y9kbwzan.preview.infomaniak.website\/termos-e-condicoes-de-venda\/"},"modified":"2025-07-10T13:37:06","modified_gmt":"2025-07-10T11:37:06","slug":"termos-e-condicoes-de-venda","status":"publish","type":"page","link":"https:\/\/life-plantation.ch\/pt-pt\/termos-e-condicoes-de-venda\/","title":{"rendered":"Termos e condi\u00e7\u00f5es de venda"},"content":{"rendered":"\t\t<div data-elementor-type=\"wp-page\" data-elementor-id=\"3799\" class=\"elementor elementor-3799 elementor-1425\" data-elementor-post-type=\"page\">\n\t\t\t\t\t\t<section class=\"elementor-section elementor-top-section elementor-element elementor-element-f81bd12 elementor-section-boxed elementor-section-height-default elementor-section-height-default\" data-id=\"f81bd12\" data-element_type=\"section\" data-e-type=\"section\">\n\t\t\t\t\t\t<div class=\"elementor-container elementor-column-gap-default\">\n\t\t\t\t\t<div class=\"elementor-column elementor-col-100 elementor-top-column elementor-element elementor-element-900294d\" data-id=\"900294d\" data-element_type=\"column\" data-e-type=\"column\">\n\t\t\t<div class=\"elementor-widget-wrap elementor-element-populated\">\n\t\t\t\t\t\t<div class=\"elementor-element elementor-element-7101909 elementor-widget elementor-widget-heading\" data-id=\"7101909\" data-element_type=\"widget\" data-e-type=\"widget\" data-widget_type=\"heading.default\">\n\t\t\t\t<div class=\"elementor-widget-container\">\n\t\t\t\t\t<h2 class=\"elementor-heading-title elementor-size-default\">Termos e condi\u00e7\u00f5es gerais<\/h2>\t\t\t\t<\/div>\n\t\t\t\t<\/div>\n\t\t\t\t<div class=\"elementor-element elementor-element-2c202ef elementor-widget__width-initial elementor-widget elementor-widget-text-editor\" data-id=\"2c202ef\" data-element_type=\"widget\" data-e-type=\"widget\" data-widget_type=\"text-editor.default\">\n\t\t\t\t<div class=\"elementor-widget-container\">\n\t\t\t\t\t\t\t\t\t<p>As presentes Condi\u00e7\u00f5es Gerais de Venda (doravante designadas por &#8220;CGV&#8221;) regem a rela\u00e7\u00e3o jur\u00eddica entre a LIFE PLANTATION SARL, rue des petits-Champs 13, 1400 Yverdon-les-Bains, Su\u00ed\u00e7a (doravante designada por &#8220;LIFE&#8221;) e os Clientes (doravante designados por &#8220;Cliente&#8221;), conjuntamente designados por &#8220;Partes&#8221;, em virtude do contrato de venda entre eles (doravante designado por &#8220;Contrato&#8221;).<\/p>\n<h3>1. Externaliza\u00e7\u00e3o de actividades e servi\u00e7os<\/h3>\n<p>A LIFE pode subcontratar qualquer das suas actividades e servi\u00e7os a empresas terceiras sediadas na Su\u00ed\u00e7a ou no estrangeiro.<\/p>\n<p>A LIFE \u00e9 livre de escolher e contratar qualquer prestador de servi\u00e7os da sua escolha para atingir os objectivos definidos no Contrato.<\/p>\n<p>Pode, nomeadamente, recorrer a servi\u00e7os de recolha, recupera\u00e7\u00e3o, apoio inform\u00e1tico ou outras empresas.<\/p>\n<p>Esta subcontrata\u00e7\u00e3o est\u00e1 sujeita \u00e0 necessidade de transmitir dados a prestadores de servi\u00e7os internos ou externos, sem excluir a possibilidade de estes \u00faltimos recorrerem igualmente a outros prestadores de servi\u00e7os.<\/p>\n<p>Todos os prestadores de servi\u00e7os est\u00e3o vinculados a uma obriga\u00e7\u00e3o de confidencialidade.<\/p>\n<h3>2. Obriga\u00e7\u00f5es banc\u00e1rias<\/h3>\n<p>A pedido da LIFE, o Cliente dever\u00e1 fornecer todas as informa\u00e7\u00f5es banc\u00e1rias e documentos necess\u00e1rios \u00e0 execu\u00e7\u00e3o do Contrato, nomeadamente no que respeita \u00e0 origem dos fundos e \u00e0 situa\u00e7\u00e3o jur\u00eddica e fiscal do Cliente, dos seus auxiliares, terceiros pagadores, sucessores, cession\u00e1rios, etc., envolvidos na transa\u00e7\u00e3o de uma forma ou de outra, \u00e0 inteira discri\u00e7\u00e3o da LIFE.<\/p>\n<p>O Cliente assume toda a responsabilidade pelos documentos e informa\u00e7\u00f5es fornecidos ao LIFE, e o LIFE assume-a na \u00edntegra.<\/p>\n<p>Em caso de incumprimento por parte do Cliente, a LIFE n\u00e3o assume qualquer responsabilidade e reserva-se o direito de reter o montante pago pelo Cliente para qualquer indemniza\u00e7\u00e3o, com cancelamento do vale de compra e resolu\u00e7\u00e3o do Contrato.<\/p>\n<h3>3. Direitos de autor e propriedade intelectual<\/h3>\n<p>A LIFE det\u00e9m todos os direitos de autor e outros direitos de propriedade intelectual sobre o Produto e qualquer material desenvolvido, concebido e criado pela LIFE ao abrigo do Acordo.<\/p>\n<p>O Cliente n\u00e3o pode utilizar e\/ou copiar material criado pela LIFE ou desenvolvido pela LIFE.<\/p>\n<p>Todo o material LIFE deve permanecer estritamente confidencial, salvo acordo em contr\u00e1rio da LIFE.<\/p>\n<h3>4. Prote\u00e7\u00e3o e confidencialidade dos dados<\/h3>\n<p>Todas as informa\u00e7\u00f5es fornecidas ao LIFE pelo cliente s\u00e3o tratadas como confidenciais.<\/p>\n<p>A LIFE compromete-se a n\u00e3o transmitir estas informa\u00e7\u00f5es a terceiros n\u00e3o autorizados.<\/p>\n<p>As excep\u00e7\u00f5es a esta regra incluem advogados, auditores e institui\u00e7\u00f5es financeiras com as quais o LIFE trabalha.<\/p>\n<p>Na medida do exigido por lei ou por qualquer autoridade governamental competente ou pelas regras de qualquer organismo competente, a LIFE tem o direito de transmitir a informa\u00e7\u00e3o do Cliente, bem como se esta informa\u00e7\u00e3o for ou se tornar do dom\u00ednio p\u00fablico.<\/p>\n<p>O Cliente concorda que a LIFE pode divulgar os dados do cliente de forma a cumprir as suas obriga\u00e7\u00f5es regulamentares e a proteger os seus interesses leg\u00edtimos.<\/p>\n<p>Isto aplica-se, em particular, a todas as quest\u00f5es com uma componente internacional, na medida em que a legisla\u00e7\u00e3o pertinente exija essa divulga\u00e7\u00e3o de dados.<\/p>\n<p>Neste contexto, o Cliente liberta o LIFE da obriga\u00e7\u00e3o de proteger os seus dados.<\/p>\n<p>O LIFE garante que todos os destinat\u00e1rios est\u00e3o sujeitos \u00e0s obriga\u00e7\u00f5es de confidencialidade pertinentes.<\/p>\n<p>Estas informa\u00e7\u00f5es podem tamb\u00e9m ser transmitidas a outras partes que delas necessitem para que a LIFE possa executar o Contrato ou para representar os interesses do Cliente.<\/p>\n<p>Quanto ao resto, aplicam-se as seguintes condi\u00e7\u00f5es de prote\u00e7\u00e3o de dados: <a href=\"https:\/\/a04y9kbwzan.preview.infomaniak.website\/pt-pt\/?page_id=3788\"><b>Ver p\u00e1gina<\/b><\/a>.<\/p>\n<h3>5. Respeita a lei<\/h3>\n<p>O Cliente \u00e9 respons\u00e1vel pelo cumprimento das disposi\u00e7\u00f5es legais e regulamentares que lhe s\u00e3o aplic\u00e1veis.<\/p>\n<p>Inclui tamb\u00e9m a declara\u00e7\u00e3o de impostos e as obriga\u00e7\u00f5es de pagamento.<\/p>\n<h3>6. Atribui\u00e7\u00e3o<\/h3>\n<p>O presente contrato mant\u00e9m-se v\u00e1lido entre as partes e os seus sucessores e cession\u00e1rios, legais ou institu\u00eddos.<\/p>\n<p>Nenhum sucessor ou cession\u00e1rio ser\u00e1 validamente reconhecido sem o acordo da outra Parte.<\/p>\n<h3>7. Cess\u00e3o de direitos e cr\u00e9ditos<\/h3>\n<p>A LIFE reserva-se o direito de recusar qualquer servi\u00e7o a um Cliente subsequente que seja incapaz de demonstrar que o Cliente anterior cumpriu todas as suas obriga\u00e7\u00f5es para com a LIFE nos termos do Contrato.<\/p>\n<h3>8. Responsabilidade civil<\/h3>\n<p>As informa\u00e7\u00f5es, opini\u00f5es e documentos emitidos pela LIFE destinam-se apenas a fins de informa\u00e7\u00e3o geral, n\u00e3o constituem aconselhamento jur\u00eddico ou profissional e n\u00e3o devem ser considerados como substitutos de aconselhamento espec\u00edfico adaptado a circunst\u00e2ncias particulares.<\/p>\n<p>A LIFE n\u00e3o se responsabiliza por qualquer perda que possa resultar da confian\u00e7a depositada em quaisquer informa\u00e7\u00f5es, documentos ou pareceres emitidos.<\/p>\n<p>A LIFE exclui qualquer responsabilidade, nomeadamente em rela\u00e7\u00e3o aos seus agentes.<br>A responsabilidade dos agentes da Life est\u00e1 expressamente exclu\u00edda na sua totalidade, incluindo em caso de neglig\u00eancia grave.<\/p>\n<p>A LIFE n\u00e3o aceita qualquer responsabilidade por quaisquer custos, comiss\u00f5es, compensa\u00e7\u00f5es ou impostos pagos direta ou indiretamente ao Cliente por qualquer autoridade su\u00ed\u00e7a ou estrangeira.<\/p>\n<p>Na medida m\u00e1xima permitida por lei, em nenhuma circunst\u00e2ncia a LIFE ser\u00e1 respons\u00e1vel perante qualquer pessoa por qualquer perda direta ou indireta, responsabilidade, custo, reclama\u00e7\u00e3o, despesa ou dano de qualquer tipo, seja em contrato ou delito, incluindo neglig\u00eancia, ou de outra forma, decorrente de ou em conex\u00e3o com o uso de toda ou qualquer parte do website da LIFE, ou de quaisquer informa\u00e7\u00f5es ou materiais emitidos pela LIFE em conex\u00e3o com o Acordo.<\/p><p data-start=\"1431\" data-end=\"1711\"><span data-start=\"1431\" data-end=\"1711\">Espicifica-se que, antes de qualquer compra definitiva, o Cliente dever\u00e1 assinar um contrato de compra e venda. Este contrato assinado prevalecer\u00e1 sobre os presentes termos e condi\u00e7\u00f5es gerais de venda e ser\u00e1 considerado vinculativo em caso de diverg\u00eancia (ver liga\u00e7\u00e3o abaixo).<\/span><\/p><p>\n<\/p><p data-start=\"1713\" data-end=\"2231\">A t\u00edtulo meramente informativo, e sem qualquer compromisso por parte da LIFE, o Produto est\u00e1 segurado por parceiros da LIFE contra inc\u00eandios, inunda\u00e7\u00f5es, danos provocados pelo vento, vandalismo e doen\u00e7as arb\u00f3reas. Em caso de sinistro, a LIFE poder\u00e1, a seu crit\u00e9rio, apoiar o Cliente nos seus procedimentos, nomeadamente fornecendo os contactos dos seus parceiros. Em caso de danos resultantes de uma destas causas, os nossos parceiros substituir\u00e3o cada \u00e1rvore afetada por uma \u00e1rvore saud\u00e1vel de maturidade equivalente.<\/p>\n<h3>9. Recursos financeiros suficientes<\/h3>\n<p>A LIFE pode propor ao Cliente uma mobiliza\u00e7\u00e3o adicional de fundos para cobrir eventuais custos n\u00e3o cobertos, embora cada Cliente seja livre de efetuar levantamentos.<\/p>\n<p>No entanto, o cliente n\u00e3o tem o direito de exigir o reembolso da sua participa\u00e7\u00e3o ou a devolu\u00e7\u00e3o dos direitos e cr\u00e9ditos que cedeu.<\/p>\n<p>Caso os custos do processo e outros adiantamentos excedam os recursos financeiros do LIFE e n\u00e3o haja financiamento adicional dispon\u00edvel, o LIFE reserva-se o direito de n\u00e3o pagar os adiantamentos, o que resultaria na n\u00e3o aprecia\u00e7\u00e3o do pedido ou na inadmissibilidade de qualquer recurso, nomeadamente para o Supremo Tribunal Federal.<\/p>\n<h3>10. Poss\u00edvel perda de direitos<\/h3>\n<p>O Cliente reconhece que poder\u00e1 perder os direitos de a\u00e7\u00e3o\/recurso se, por qualquer raz\u00e3o, a LIFE n\u00e3o interpuser a a\u00e7\u00e3o ou recurso, caso exista, ou se os seus esfor\u00e7os n\u00e3o forem bem sucedidos.<\/p>\n<p>O Cliente confirma que o LIFE n\u00e3o pode ser responsabilizado em tal caso.<\/p>\n<h3>11. Notifica\u00e7\u00f5es<\/h3>\n<p>Todas as notifica\u00e7\u00f5es ou outros instrumentos ou documentos a serem enviados ao Cliente pela LIFE ser\u00e3o enviados por correio eletr\u00f3nico.<\/p>\n<p>O Cliente reconhece os riscos inerentes a essas comunica\u00e7\u00f5es electr\u00f3nicas, incluindo, mas n\u00e3o se limitando a, confidencialidade limitada, manipula\u00e7\u00e3o, falhas de transmiss\u00e3o, falta de integridade ou corrup\u00e7\u00e3o de dados por v\u00edrus.<\/p>\n<p>Em particular, a LIFE n\u00e3o declara nem garante que as mensagens electr\u00f3nicas enviadas a um Cliente ser\u00e3o recebidas pelo destinat\u00e1rio pretendido sem modifica\u00e7\u00e3o n\u00e3o autorizada ou de forma atempada; que a comunica\u00e7\u00e3o eletr\u00f3nica que indica a LIFE como remetente foi enviada pela LIFE; e que a comunica\u00e7\u00e3o eletr\u00f3nica ao Cliente ser\u00e1 lida e processada de forma atempada.<\/p>\n<p>A LIFE n\u00e3o ser\u00e1 respons\u00e1vel e exclui toda a responsabilidade por qualquer dano sofrido por um Cliente decorrente de ou relacionado com a realiza\u00e7\u00e3o de qualquer risco inerente \u00e0 utiliza\u00e7\u00e3o de comunica\u00e7\u00f5es electr\u00f3nicas.<\/p>\n<h3>12. L\u00edngua<\/h3>\n<p>Este acordo pode ser redigido em v\u00e1rias l\u00ednguas.<\/p>\n<p>No entanto, apenas a vers\u00e3o francesa faz f\u00e9 em caso de lit\u00edgio, nomeadamente no que se refere \u00e0 sua interpreta\u00e7\u00e3o e execu\u00e7\u00e3o.<\/p>\n<h3>13. N\u00e3o h\u00e1 uma parceria simples<\/h3>\n<p>Esta rela\u00e7\u00e3o contratual n\u00e3o cria uma simples parceria ou qualquer tipo de estrutura empresarial.<\/p>\n<h3>14. For\u00e7a maior<\/h3>\n<p>Em nenhuma circunst\u00e2ncia ser\u00e1 o LIFE respons\u00e1vel por qualquer falha ou atraso no cumprimento das suas obriga\u00e7\u00f5es ao abrigo destes TCG ou do Contrato resultantes de ou causados, direta ou indiretamente, por for\u00e7as fora do seu controlo, incluindo, mas n\u00e3o se limitando a, epidemias, greves, paragens de trabalho, acidentes, actos de guerra ou terrorismo, agita\u00e7\u00e3o civil ou militar, desastres nucleares ou naturais ou actos de Deus, e interrup\u00e7\u00f5es,<br>perda ou mau funcionamento de servi\u00e7os p\u00fablicos, comunica\u00e7\u00f5es ou servi\u00e7os inform\u00e1ticos (software e hardware); fica entendido que o LIFE envidar\u00e1 todos os esfor\u00e7os razo\u00e1veis para retomar as suas actividades o mais rapidamente poss\u00edvel nestas circunst\u00e2ncias.<\/p>\n<p>A LIFE reconhece e concorda que qualquer decis\u00e3o ou a\u00e7\u00e3o tomada por qualquer tribunal ou autoridade governamental ou reguladora com jurisdi\u00e7\u00e3o sobre a LIFE, que possa resultar na impossibilidade de a LIFE cumprir as suas obriga\u00e7\u00f5es ao abrigo destes TCG e do Contrato, ser\u00e1 tida em conta e constituir\u00e1 uma desculpa aceit\u00e1vel para que a LIFE seja considerada incapaz de cumprir atempadamente as suas obriga\u00e7\u00f5es enquanto tal a\u00e7\u00e3o estiver em vigor.<\/p>\n<h3>15. Separabilidade<\/h3>\n<p>Se qualquer disposi\u00e7\u00e3o das presentes CGV for considerada proibida, ineficaz ou n\u00e3o aplic\u00e1vel, no todo ou em parte, por qualquer motivo, essa disposi\u00e7\u00e3o deixar\u00e1 de ter efeito sem afetar a validade das restantes disposi\u00e7\u00f5es do presente Acordo.<\/p>\n<p>As partes ou o tribunal competente substituir\u00e3o esta disposi\u00e7\u00e3o por outra, de forma a preservar, na medida do poss\u00edvel, o equil\u00edbrio econ\u00f3mico das presentes CGV.<\/p>\n<h3>16. Assinaturas<\/h3>\n<p>Cada Cliente \u00e9 respons\u00e1vel pela exatid\u00e3o absoluta de todas as informa\u00e7\u00f5es que lhe dizem respeito. O LIFE deve ser imediatamente notificado de quaisquer altera\u00e7\u00f5es.<\/p>\n<p>A LIFE n\u00e3o assume qualquer responsabilidade por confiar na autenticidade e validade de uma assinatura que, na realidade, n\u00e3o \u00e9 aut\u00eantica nem v\u00e1lida, incluindo em caso de falta de capacidade por raz\u00f5es de incapacidade pessoal, processos de insolv\u00eancia que envolvam o Cliente em causa ou outras raz\u00f5es.<\/p>\n<p>Se o LIFE tiver d\u00favidas quanto \u00e0 autenticidade de uma assinatura numa notifica\u00e7\u00e3o, tem o direito, mas n\u00e3o a obriga\u00e7\u00e3o, de exigir que essa assinatura seja autenticada por um not\u00e1rio ou verificada de qualquer outra forma.<\/p>\t\t\t\t\t\t\t\t<\/div>\n\t\t\t\t<\/div>\n\t\t\t\t\t<\/div>\n\t\t<\/div>\n\t\t\t\t\t<\/div>\n\t\t<\/section>\n\t\t\t\t<\/div>\n\t\t","protected":false},"excerpt":{"rendered":"<p>Termos e condi\u00e7\u00f5es gerais As presentes Condi\u00e7\u00f5es Gerais de Venda (doravante designadas por &#8220;CGV&#8221;) regem a rela\u00e7\u00e3o jur\u00eddica entre a LIFE PLANTATION SARL, rue des petits-Champs 13, 1400 Yverdon-les-Bains, Su\u00ed\u00e7a (doravante designada por &#8220;LIFE&#8221;) e os Clientes (doravante designados por &#8220;Cliente&#8221;), conjuntamente designados por &#8220;Partes&#8221;, em virtude do contrato de venda entre eles (doravante designado [&hellip;]<\/p>\n","protected":false},"author":1,"featured_media":0,"parent":0,"menu_order":0,"comment_status":"closed","ping_status":"closed","template":"","meta":{"footnotes":""},"class_list":["post-3799","page","type-page","status-publish","hentry"],"yoast_head":"<!-- This site is optimized with the Yoast SEO plugin v27.1.1 - https:\/\/yoast.com\/product\/yoast-seo-wordpress\/ -->\n<title>Termos e condi\u00e7\u00f5es de venda - Life Plantation<\/title>\n<meta name=\"description\" content=\"Contribuez d\u00e8s maintenant \u00e0 un avenir plus durable.Achetez votre premier arbre de type Paulownias \u201cElongata\u201d en Europe...\" \/>\n<meta name=\"robots\" content=\"index, follow, max-snippet:-1, max-image-preview:large, max-video-preview:-1\" \/>\n<link rel=\"canonical\" href=\"https:\/\/life-plantation.ch\/pt-pt\/termos-e-condicoes-de-venda\/\" \/>\n<meta property=\"og:locale\" content=\"pt_PT\" \/>\n<meta property=\"og:type\" content=\"article\" \/>\n<meta property=\"og:title\" content=\"Termos e condi\u00e7\u00f5es de venda - Life Plantation\" \/>\n<meta property=\"og:description\" content=\"Contribuez d\u00e8s maintenant \u00e0 un avenir plus durable.Achetez votre premier arbre de type Paulownias \u201cElongata\u201d en Europe...\" \/>\n<meta property=\"og:url\" content=\"https:\/\/life-plantation.ch\/pt-pt\/termos-e-condicoes-de-venda\/\" \/>\n<meta property=\"og:site_name\" content=\"Life Plantation\" \/>\n<meta property=\"article:modified_time\" content=\"2025-07-10T11:37:06+00:00\" \/>\n<meta property=\"og:image\" content=\"https:\/\/life-plantation.ch\/wp-content\/uploads\/2024\/02\/logo-site-web.png\" \/>\n\t<meta property=\"og:image:width\" content=\"987\" \/>\n\t<meta property=\"og:image:height\" content=\"457\" \/>\n\t<meta property=\"og:image:type\" content=\"image\/png\" \/>\n<meta name=\"twitter:card\" content=\"summary_large_image\" \/>\n<meta name=\"twitter:label1\" content=\"Tempo estimado de leitura\" \/>\n\t<meta name=\"twitter:data1\" content=\"10 minutos\" \/>\n<script type=\"application\/ld+json\" class=\"yoast-schema-graph\">{\"@context\":\"https:\/\/schema.org\",\"@graph\":[{\"@type\":\"WebPage\",\"@id\":\"https:\/\/life-plantation.ch\/pt-pt\/termos-e-condicoes-de-venda\/\",\"url\":\"https:\/\/life-plantation.ch\/pt-pt\/termos-e-condicoes-de-venda\/\",\"name\":\"Termos e condi\u00e7\u00f5es de venda - Life Plantation\",\"isPartOf\":{\"@id\":\"https:\/\/life-plantation.ch\/pt-pt\/#website\"},\"datePublished\":\"2024-07-04T13:39:18+00:00\",\"dateModified\":\"2025-07-10T11:37:06+00:00\",\"description\":\"Contribuez d\u00e8s maintenant \u00e0 un avenir plus durable.Achetez votre premier arbre de type Paulownias \u201cElongata\u201d en Europe...\",\"breadcrumb\":{\"@id\":\"https:\/\/life-plantation.ch\/pt-pt\/termos-e-condicoes-de-venda\/#breadcrumb\"},\"inLanguage\":\"pt-PT\",\"potentialAction\":[{\"@type\":\"ReadAction\",\"target\":[\"https:\/\/life-plantation.ch\/pt-pt\/termos-e-condicoes-de-venda\/\"]}]},{\"@type\":\"BreadcrumbList\",\"@id\":\"https:\/\/life-plantation.ch\/pt-pt\/termos-e-condicoes-de-venda\/#breadcrumb\",\"itemListElement\":[{\"@type\":\"ListItem\",\"position\":1,\"name\":\"Accueil\",\"item\":\"https:\/\/life-plantation.ch\/pt-pt\/inicio\/\"},{\"@type\":\"ListItem\",\"position\":2,\"name\":\"Termos e condi\u00e7\u00f5es de venda\"}]},{\"@type\":\"WebSite\",\"@id\":\"https:\/\/life-plantation.ch\/pt-pt\/#website\",\"url\":\"https:\/\/life-plantation.ch\/pt-pt\/\",\"name\":\"Life Plantation\",\"description\":\"\",\"publisher\":{\"@id\":\"https:\/\/life-plantation.ch\/pt-pt\/#organization\"},\"potentialAction\":[{\"@type\":\"SearchAction\",\"target\":{\"@type\":\"EntryPoint\",\"urlTemplate\":\"https:\/\/life-plantation.ch\/pt-pt\/?s={search_term_string}\"},\"query-input\":{\"@type\":\"PropertyValueSpecification\",\"valueRequired\":true,\"valueName\":\"search_term_string\"}}],\"inLanguage\":\"pt-PT\"},{\"@type\":\"Organization\",\"@id\":\"https:\/\/life-plantation.ch\/pt-pt\/#organization\",\"name\":\"Life Plantation\",\"url\":\"https:\/\/life-plantation.ch\/pt-pt\/\",\"logo\":{\"@type\":\"ImageObject\",\"inLanguage\":\"pt-PT\",\"@id\":\"https:\/\/life-plantation.ch\/pt-pt\/#\/schema\/logo\/image\/\",\"url\":\"https:\/\/life-plantation.ch\/wp-content\/uploads\/2024\/02\/logo-site-web.png\",\"contentUrl\":\"https:\/\/life-plantation.ch\/wp-content\/uploads\/2024\/02\/logo-site-web.png\",\"width\":987,\"height\":457,\"caption\":\"Life Plantation\"},\"image\":{\"@id\":\"https:\/\/life-plantation.ch\/pt-pt\/#\/schema\/logo\/image\/\"}}]}<\/script>\n<!-- \/ Yoast SEO plugin. -->","yoast_head_json":{"title":"Termos e condi\u00e7\u00f5es de venda - Life Plantation","description":"Contribuez d\u00e8s maintenant \u00e0 un avenir plus durable.Achetez votre premier arbre de type Paulownias \u201cElongata\u201d en Europe...","robots":{"index":"index","follow":"follow","max-snippet":"max-snippet:-1","max-image-preview":"max-image-preview:large","max-video-preview":"max-video-preview:-1"},"canonical":"https:\/\/life-plantation.ch\/pt-pt\/termos-e-condicoes-de-venda\/","og_locale":"pt_PT","og_type":"article","og_title":"Termos e condi\u00e7\u00f5es de venda - Life Plantation","og_description":"Contribuez d\u00e8s maintenant \u00e0 un avenir plus durable.Achetez votre premier arbre de type Paulownias \u201cElongata\u201d en Europe...","og_url":"https:\/\/life-plantation.ch\/pt-pt\/termos-e-condicoes-de-venda\/","og_site_name":"Life Plantation","article_modified_time":"2025-07-10T11:37:06+00:00","og_image":[{"width":987,"height":457,"url":"https:\/\/life-plantation.ch\/wp-content\/uploads\/2024\/02\/logo-site-web.png","type":"image\/png"}],"twitter_card":"summary_large_image","twitter_misc":{"Tempo estimado de leitura":"10 minutos"},"schema":{"@context":"https:\/\/schema.org","@graph":[{"@type":"WebPage","@id":"https:\/\/life-plantation.ch\/pt-pt\/termos-e-condicoes-de-venda\/","url":"https:\/\/life-plantation.ch\/pt-pt\/termos-e-condicoes-de-venda\/","name":"Termos e condi\u00e7\u00f5es de venda - Life Plantation","isPartOf":{"@id":"https:\/\/life-plantation.ch\/pt-pt\/#website"},"datePublished":"2024-07-04T13:39:18+00:00","dateModified":"2025-07-10T11:37:06+00:00","description":"Contribuez d\u00e8s maintenant \u00e0 un avenir plus durable.Achetez votre premier arbre de type Paulownias \u201cElongata\u201d en Europe...","breadcrumb":{"@id":"https:\/\/life-plantation.ch\/pt-pt\/termos-e-condicoes-de-venda\/#breadcrumb"},"inLanguage":"pt-PT","potentialAction":[{"@type":"ReadAction","target":["https:\/\/life-plantation.ch\/pt-pt\/termos-e-condicoes-de-venda\/"]}]},{"@type":"BreadcrumbList","@id":"https:\/\/life-plantation.ch\/pt-pt\/termos-e-condicoes-de-venda\/#breadcrumb","itemListElement":[{"@type":"ListItem","position":1,"name":"Accueil","item":"https:\/\/life-plantation.ch\/pt-pt\/inicio\/"},{"@type":"ListItem","position":2,"name":"Termos e condi\u00e7\u00f5es de venda"}]},{"@type":"WebSite","@id":"https:\/\/life-plantation.ch\/pt-pt\/#website","url":"https:\/\/life-plantation.ch\/pt-pt\/","name":"Life Plantation","description":"","publisher":{"@id":"https:\/\/life-plantation.ch\/pt-pt\/#organization"},"potentialAction":[{"@type":"SearchAction","target":{"@type":"EntryPoint","urlTemplate":"https:\/\/life-plantation.ch\/pt-pt\/?s={search_term_string}"},"query-input":{"@type":"PropertyValueSpecification","valueRequired":true,"valueName":"search_term_string"}}],"inLanguage":"pt-PT"},{"@type":"Organization","@id":"https:\/\/life-plantation.ch\/pt-pt\/#organization","name":"Life Plantation","url":"https:\/\/life-plantation.ch\/pt-pt\/","logo":{"@type":"ImageObject","inLanguage":"pt-PT","@id":"https:\/\/life-plantation.ch\/pt-pt\/#\/schema\/logo\/image\/","url":"https:\/\/life-plantation.ch\/wp-content\/uploads\/2024\/02\/logo-site-web.png","contentUrl":"https:\/\/life-plantation.ch\/wp-content\/uploads\/2024\/02\/logo-site-web.png","width":987,"height":457,"caption":"Life Plantation"},"image":{"@id":"https:\/\/life-plantation.ch\/pt-pt\/#\/schema\/logo\/image\/"}}]}},"_links":{"self":[{"href":"https:\/\/life-plantation.ch\/pt-pt\/wp-json\/wp\/v2\/pages\/3799","targetHints":{"allow":["GET"]}}],"collection":[{"href":"https:\/\/life-plantation.ch\/pt-pt\/wp-json\/wp\/v2\/pages"}],"about":[{"href":"https:\/\/life-plantation.ch\/pt-pt\/wp-json\/wp\/v2\/types\/page"}],"author":[{"embeddable":true,"href":"https:\/\/life-plantation.ch\/pt-pt\/wp-json\/wp\/v2\/users\/1"}],"replies":[{"embeddable":true,"href":"https:\/\/life-plantation.ch\/pt-pt\/wp-json\/wp\/v2\/comments?post=3799"}],"version-history":[{"count":5,"href":"https:\/\/life-plantation.ch\/pt-pt\/wp-json\/wp\/v2\/pages\/3799\/revisions"}],"predecessor-version":[{"id":4648,"href":"https:\/\/life-plantation.ch\/pt-pt\/wp-json\/wp\/v2\/pages\/3799\/revisions\/4648"}],"wp:attachment":[{"href":"https:\/\/life-plantation.ch\/pt-pt\/wp-json\/wp\/v2\/media?parent=3799"}],"curies":[{"name":"wp","href":"https:\/\/api.w.org\/{rel}","templated":true}]}}